{"id":256498,"date":"2023-09-25T00:48:13","date_gmt":"2023-09-25T00:48:13","guid":{"rendered":"https:\/\/hello.uniurb.it\/store\/?page_id=256498"},"modified":"2023-11-07T15:04:35","modified_gmt":"2023-11-07T15:04:35","slug":"macron","status":"publish","type":"page","link":"https:\/\/hello.uniurb.it\/store\/macron\/","title":{"rendered":"Uniurb e Macron"},"content":{"rendered":"<p>[et_pb_section fb_built=&#8221;1&#8243; fullwidth=&#8221;on&#8221; _builder_version=&#8221;4.18.0&#8243; _module_preset=&#8221;default&#8221; background_color=&#8221;#474747&#8243; background_image=&#8221;https:\/\/hello.uniurb.it\/store\/wp-content\/uploads\/2023\/09\/store-uniurb-45.jpg&#8221; background_blend=&#8221;overlay&#8221; background_enable_video_mp4=&#8221;off&#8221; height=&#8221;650px&#8221; height_tablet=&#8221;400px&#8221; height_phone=&#8221;240px&#8221; height_last_edited=&#8221;on|phone&#8221; max_height_tablet=&#8221;&#8221; max_height_phone=&#8221;&#8221; max_height_last_edited=&#8221;on|desktop&#8221; global_colors_info=&#8221;{}&#8221;][et_pb_fullwidth_image src=&#8221;https:\/\/hello.uniurb.it\/store\/wp-content\/uploads\/2023\/09\/\u200emacron-uniurb-19-9.\u200e019.png&#8221; title_text=&#8221;\u200emacron&#8211;uniurb-19-9.\u200e019&#8243; url=&#8221;https:\/\/clubshop.macron.com\/pesaro\/universita-degli-studi-di-urbino-carlo-bo&#8221; url_new_window=&#8221;on&#8221; _builder_version=&#8221;4.18.0&#8243; _module_preset=&#8221;default&#8221; width=&#8221;60%&#8221; module_alignment=&#8221;center&#8221; global_colors_info=&#8221;{}&#8221;][\/et_pb_fullwidth_image][\/et_pb_section][et_pb_section fb_built=&#8221;1&#8243; _builder_version=&#8221;4.18.0&#8243; _module_preset=&#8221;default&#8221; background_color=&#8221;#474747&#8243; link_option_url=&#8221;https:\/\/clubshop.macron.com\/pesaro\/universita-degli-studi-di-urbino-carlo-bo&#8221; link_option_url_new_window=&#8221;on&#8221; hover_enabled=&#8221;0&#8243; global_colors_info=&#8221;{}&#8221; sticky_enabled=&#8221;0&#8243;][et_pb_row column_structure=&#8221;1_3,2_3&#8243; _builder_version=&#8221;4.18.0&#8243; _module_preset=&#8221;default&#8221; link_option_url=&#8221;https:\/\/clubshop.macron.com\/pesaro\/universita-degli-studi-di-urbino-carlo-bo&#8221; link_option_url_new_window=&#8221;on&#8221; global_colors_info=&#8221;{}&#8221;][et_pb_column type=&#8221;1_3&#8243; _builder_version=&#8221;4.18.0&#8243; _module_preset=&#8221;default&#8221; global_colors_info=&#8221;{}&#8221;][et_pb_image src=&#8221;https:\/\/hello.uniurb.it\/store\/wp-content\/uploads\/2023\/09\/\u200emacron-uniurb-19-9.\u200e020-1.png&#8221; title_text=&#8221;\u200emacron&#8211;uniurb-19-9.\u200e020&#8243; url=&#8221;https:\/\/clubshop.macron.com\/pesaro\/universita-degli-studi-di-urbino-carlo-bo&#8221; _builder_version=&#8221;4.18.0&#8243; _module_preset=&#8221;default&#8221; custom_margin=&#8221;15px||||false|false&#8221; hover_enabled=&#8221;0&#8243; global_colors_info=&#8221;{}&#8221; sticky_enabled=&#8221;0&#8243;][\/et_pb_image][\/et_pb_column][et_pb_column type=&#8221;2_3&#8243; _builder_version=&#8221;4.18.0&#8243; _module_preset=&#8221;default&#8221; global_colors_info=&#8221;{}&#8221;][et_pb_text _builder_version=&#8221;4.18.0&#8243; _module_preset=&#8221;default&#8221; background_layout=&#8221;dark&#8221; link_option_url=&#8221;https:\/\/clubshop.macron.com\/pesaro\/universita-degli-studi-di-urbino-carlo-bo&#8221; hover_enabled=&#8221;0&#8243; global_colors_info=&#8221;{}&#8221; sticky_enabled=&#8221;0&#8243;]<span>Scopri il progetto di co-branding sviluppato in collaborazione con Macron, un&#8217;importante azienda specializzata nel settore sportivo. I prodotti saranno disponibili per l&#8217;acquisto online sul nostro nuovo sito di e-commerce, che sar\u00e0 attivato a breve.\u00a0<\/span><\/p>\n<p><a style=\"color:#fff\" href=\"https:\/\/clubshop.macron.com\/pesaro\/universita-degli-studi-di-urbino-carlo-bo\" target=\"_blank\" rel=\"noopener\" title=\"Macron\"><span>Acquista sul sito di Macron \u279d<\/span><\/a>[\/et_pb_text][\/et_pb_column][\/et_pb_row][\/et_pb_section][et_pb_section fb_built=&#8221;1&#8243; _builder_version=&#8221;4.18.0&#8243; _module_preset=&#8221;default&#8221; global_colors_info=&#8221;{}&#8221;][et_pb_row _builder_version=&#8221;4.16&#8243; _module_preset=&#8221;default&#8221; global_colors_info=&#8221;{}&#8221;][et_pb_column type=&#8221;4_4&#8243; _builder_version=&#8221;4.16&#8243; _module_preset=&#8221;default&#8221; global_colors_info=&#8221;{}&#8221;][et_pb_text _builder_version=&#8221;4.18.0&#8243; _module_preset=&#8221;default&#8221; text_font=&#8221;Montserrat|700||on|||||&#8221; text_font_size=&#8221;1.3em&#8221; text_line_height=&#8221;1.2em&#8221; custom_margin=&#8221;||3px|||&#8221; text_font_size_tablet=&#8221;1.2em&#8221; text_font_size_phone=&#8221;1.1em&#8221; text_font_size_last_edited=&#8221;on|phone&#8221; global_colors_info=&#8221;{}&#8221;]<\/p>\n<h1>Uniurb e Macron per lo sport universitario<\/h1>\n<p>[\/et_pb_text][et_pb_text _builder_version=&#8221;4.18.0&#8243; _module_preset=&#8221;default&#8221; text_text_color=&#8221;#474747&#8243; text_font_size=&#8221;20px&#8221; text_line_height=&#8221;1.2em&#8221; header_text_color=&#8221;#474747&#8243; text_font_size_tablet=&#8221;1.2em&#8221; text_font_size_phone=&#8221;1.1em&#8221; text_font_size_last_edited=&#8221;on|phone&#8221; global_colors_info=&#8221;{}&#8221;]<\/p>\n<p><span>Nasce una<strong>\u00a0linea di prodotti che unisce lo sport universitario<\/strong> al nuovo progetto di co- branding con il marchio Macron per il rilancio e lo sviluppo del merchandising dell\u2019Ateneo.<\/span><\/p>\n<p>Il progetto di co-branding \u00e8 in linea con la strategia dell\u2019Ateneo ed \u00e8 stato sviluppato in collaborazione con Macron, un\u2019importante azienda specializzata nel settore sportivo. I prodotti saranno disponibili per l\u2019acquisto online sul <strong>nuovo sito di e-commerce<\/strong>, che sar\u00e0 attivato a breve.<\/p>\n<p>Inoltre, siamo orgogliosi di annunciare che Macron ha anche firmato una linea di abbigliamento tecnico dedicata alle studentesse e agli studenti di <strong>Scienze Motorie<\/strong> dell\u2019Ateneo.<\/p>\n<p>[\/et_pb_text][\/et_pb_column][\/et_pb_row][et_pb_row column_structure=&#8221;1_3,1_3,1_3&#8243; _builder_version=&#8221;4.18.0&#8243; _module_preset=&#8221;default&#8221; global_colors_info=&#8221;{}&#8221;][et_pb_column type=&#8221;1_3&#8243; _builder_version=&#8221;4.18.0&#8243; _module_preset=&#8221;default&#8221; global_colors_info=&#8221;{}&#8221;][et_pb_image src=&#8221;https:\/\/hello.uniurb.it\/store\/wp-content\/uploads\/2023\/09\/store-uniurb-52.jpg&#8221; title_text=&#8221;store-uniurb-52&#8243; _builder_version=&#8221;4.18.0&#8243; _module_preset=&#8221;default&#8221; global_colors_info=&#8221;{}&#8221;][\/et_pb_image][et_pb_image src=&#8221;https:\/\/hello.uniurb.it\/store\/wp-content\/uploads\/2023\/09\/store-uniurb-47.jpg&#8221; title_text=&#8221;store-uniurb-47&#8243; _builder_version=&#8221;4.18.0&#8243; _module_preset=&#8221;default&#8221; global_colors_info=&#8221;{}&#8221;][\/et_pb_image][\/et_pb_column][et_pb_column type=&#8221;1_3&#8243; _builder_version=&#8221;4.18.0&#8243; _module_preset=&#8221;default&#8221; global_colors_info=&#8221;{}&#8221;][et_pb_image src=&#8221;https:\/\/hello.uniurb.it\/store\/wp-content\/uploads\/2023\/09\/store-uniurb-44.jpg&#8221; title_text=&#8221;store-uniurb-44&#8243; _builder_version=&#8221;4.18.0&#8243; _module_preset=&#8221;default&#8221; global_colors_info=&#8221;{}&#8221;][\/et_pb_image][et_pb_image src=&#8221;https:\/\/hello.uniurb.it\/store\/wp-content\/uploads\/2023\/09\/store-uniurb-50.jpg&#8221; title_text=&#8221;store-uniurb-50&#8243; _builder_version=&#8221;4.18.0&#8243; _module_preset=&#8221;default&#8221; global_colors_info=&#8221;{}&#8221;][\/et_pb_image][\/et_pb_column][et_pb_column type=&#8221;1_3&#8243; _builder_version=&#8221;4.18.0&#8243; _module_preset=&#8221;default&#8221; global_colors_info=&#8221;{}&#8221;][et_pb_image src=&#8221;https:\/\/hello.uniurb.it\/store\/wp-content\/uploads\/2023\/09\/store-uniurb-46.jpg&#8221; title_text=&#8221;store-uniurb-46&#8243; _builder_version=&#8221;4.18.0&#8243; _module_preset=&#8221;default&#8221; global_colors_info=&#8221;{}&#8221;][\/et_pb_image][et_pb_image src=&#8221;https:\/\/hello.uniurb.it\/store\/wp-content\/uploads\/2023\/09\/store-uniurb-51.jpg&#8221; title_text=&#8221;store-uniurb-51&#8243; _builder_version=&#8221;4.18.0&#8243; _module_preset=&#8221;default&#8221; global_colors_info=&#8221;{}&#8221;][\/et_pb_image][\/et_pb_column][\/et_pb_row][et_pb_row _builder_version=&#8221;4.18.0&#8243; _module_preset=&#8221;default&#8221; global_colors_info=&#8221;{}&#8221;][et_pb_column type=&#8221;4_4&#8243; _builder_version=&#8221;4.18.0&#8243; _module_preset=&#8221;default&#8221; global_colors_info=&#8221;{}&#8221;][et_pb_image src=&#8221;https:\/\/hello.uniurb.it\/store\/wp-content\/uploads\/2023\/09\/store-uniurb-53.jpg&#8221; title_text=&#8221;store-uniurb-53&#8243; _builder_version=&#8221;4.18.0&#8243; _module_preset=&#8221;default&#8221; global_colors_info=&#8221;{}&#8221;][\/et_pb_image][\/et_pb_column][\/et_pb_row][\/et_pb_section]<\/p>\n","protected":false},"excerpt":{"rendered":"<p>Scopri il progetto di co-branding sviluppato in collaborazione con Macron, un&#8217;importante azienda specializzata nel settore sportivo. I prodotti saranno disponibili per l&#8217;acquisto online sul nostro nuovo sito di e-commerce, che sar\u00e0 attivato a breve.\u00a0 Acquista sul sito di Macron \u279dUniurb e Macron per lo sport universitarioNasce una\u00a0linea di prodotti che unisce lo sport universitario al [&hellip;]<\/p>\n","protected":false},"author":1,"featured_media":0,"parent":0,"menu_order":40,"comment_status":"closed","ping_status":"closed","template":"","meta":{"_et_pb_use_builder":"on","_et_pb_old_content":"","_et_gb_content_width":""},"yoast_head":"<!-- This site is optimized with the Yoast SEO plugin v20.12 - https:\/\/yoast.com\/wordpress\/plugins\/seo\/ -->\n<title>Uniurb e Macron - Store \u2014 Universit\u00e0 degli Studi di Urbino Carlo Bo<\/title>\n<meta name=\"robots\" content=\"noindex, follow, max-snippet:-1, max-image-preview:large, max-video-preview:-1\" \/>\n<meta property=\"og:locale\" content=\"it_IT\" \/>\n<meta property=\"og:type\" content=\"article\" \/>\n<meta property=\"og:title\" content=\"Uniurb e Macron - Store \u2014 Universit\u00e0 degli Studi di Urbino Carlo Bo\" \/>\n<meta property=\"og:description\" content=\"Scopri il progetto di co-branding sviluppato in collaborazione con Macron, un&#039;importante azienda specializzata nel settore sportivo. I prodotti saranno disponibili per l&#039;acquisto online sul nostro nuovo sito di e-commerce, che sar\u00e0 attivato a breve.\u00a0 Acquista sul sito di Macron \u279dUniurb e Macron per lo sport universitarioNasce una\u00a0linea di prodotti che unisce lo sport universitario al [&hellip;]\" \/>\n<meta property=\"og:url\" content=\"https:\/\/hello.uniurb.it\/store\/macron\/\" \/>\n<meta property=\"og:site_name\" content=\"Store \u2014 Universit\u00e0 degli Studi di Urbino Carlo Bo\" \/>\n<meta property=\"article:modified_time\" content=\"2023-11-07T15:04:35+00:00\" \/>\n<meta name=\"twitter:card\" content=\"summary_large_image\" \/>\n<meta name=\"twitter:label1\" content=\"Tempo di lettura stimato\" \/>\n\t<meta name=\"twitter:data1\" content=\"2 minuti\" \/>\n<script type=\"application\/ld+json\" class=\"yoast-schema-graph\">{\"@context\":\"https:\/\/schema.org\",\"@graph\":[{\"@type\":\"WebPage\",\"@id\":\"https:\/\/hello.uniurb.it\/store\/macron\/\",\"url\":\"https:\/\/hello.uniurb.it\/store\/macron\/\",\"name\":\"Uniurb e Macron - Store \u2014 Universit\u00e0 degli Studi di Urbino Carlo Bo\",\"isPartOf\":{\"@id\":\"https:\/\/hello.uniurb.it\/store\/#website\"},\"datePublished\":\"2023-09-25T00:48:13+00:00\",\"dateModified\":\"2023-11-07T15:04:35+00:00\",\"breadcrumb\":{\"@id\":\"https:\/\/hello.uniurb.it\/store\/macron\/#breadcrumb\"},\"inLanguage\":\"it-IT\",\"potentialAction\":[{\"@type\":\"ReadAction\",\"target\":[\"https:\/\/hello.uniurb.it\/store\/macron\/\"]}]},{\"@type\":\"BreadcrumbList\",\"@id\":\"https:\/\/hello.uniurb.it\/store\/macron\/#breadcrumb\",\"itemListElement\":[{\"@type\":\"ListItem\",\"position\":1,\"name\":\"Home\",\"item\":\"https:\/\/hello.uniurb.it\/store\/\"},{\"@type\":\"ListItem\",\"position\":2,\"name\":\"Uniurb e Macron\"}]},{\"@type\":\"WebSite\",\"@id\":\"https:\/\/hello.uniurb.it\/store\/#website\",\"url\":\"https:\/\/hello.uniurb.it\/store\/\",\"name\":\"Store \u2014 Universit\u00e0 degli Studi di Urbino Carlo Bo\",\"description\":\"Il Career Day \u00e8 il pi\u00f9 importante momento d\u2019incontro tra l\u2019Universit\u00e0 di Urbino e il mondo del lavoro.\",\"potentialAction\":[{\"@type\":\"SearchAction\",\"target\":{\"@type\":\"EntryPoint\",\"urlTemplate\":\"https:\/\/hello.uniurb.it\/store\/?s={search_term_string}\"},\"query-input\":\"required name=search_term_string\"}],\"inLanguage\":\"it-IT\"}]}<\/script>\n<!-- \/ Yoast SEO plugin. -->","yoast_head_json":{"title":"Uniurb e Macron - Store \u2014 Universit\u00e0 degli Studi di Urbino Carlo Bo","robots":{"index":"noindex","follow":"follow","max-snippet":"max-snippet:-1","max-image-preview":"max-image-preview:large","max-video-preview":"max-video-preview:-1"},"og_locale":"it_IT","og_type":"article","og_title":"Uniurb e Macron - Store \u2014 Universit\u00e0 degli Studi di Urbino Carlo Bo","og_description":"Scopri il progetto di co-branding sviluppato in collaborazione con Macron, un'importante azienda specializzata nel settore sportivo. I prodotti saranno disponibili per l'acquisto online sul nostro nuovo sito di e-commerce, che sar\u00e0 attivato a breve.\u00a0 Acquista sul sito di Macron \u279dUniurb e Macron per lo sport universitarioNasce una\u00a0linea di prodotti che unisce lo sport universitario al [&hellip;]","og_url":"https:\/\/hello.uniurb.it\/store\/macron\/","og_site_name":"Store \u2014 Universit\u00e0 degli Studi di Urbino Carlo Bo","article_modified_time":"2023-11-07T15:04:35+00:00","twitter_card":"summary_large_image","twitter_misc":{"Tempo di lettura stimato":"2 minuti"},"schema":{"@context":"https:\/\/schema.org","@graph":[{"@type":"WebPage","@id":"https:\/\/hello.uniurb.it\/store\/macron\/","url":"https:\/\/hello.uniurb.it\/store\/macron\/","name":"Uniurb e Macron - Store \u2014 Universit\u00e0 degli Studi di Urbino Carlo Bo","isPartOf":{"@id":"https:\/\/hello.uniurb.it\/store\/#website"},"datePublished":"2023-09-25T00:48:13+00:00","dateModified":"2023-11-07T15:04:35+00:00","breadcrumb":{"@id":"https:\/\/hello.uniurb.it\/store\/macron\/#breadcrumb"},"inLanguage":"it-IT","potentialAction":[{"@type":"ReadAction","target":["https:\/\/hello.uniurb.it\/store\/macron\/"]}]},{"@type":"BreadcrumbList","@id":"https:\/\/hello.uniurb.it\/store\/macron\/#breadcrumb","itemListElement":[{"@type":"ListItem","position":1,"name":"Home","item":"https:\/\/hello.uniurb.it\/store\/"},{"@type":"ListItem","position":2,"name":"Uniurb e Macron"}]},{"@type":"WebSite","@id":"https:\/\/hello.uniurb.it\/store\/#website","url":"https:\/\/hello.uniurb.it\/store\/","name":"Store \u2014 Universit\u00e0 degli Studi di Urbino Carlo Bo","description":"Il Career Day \u00e8 il pi\u00f9 importante momento d\u2019incontro tra l\u2019Universit\u00e0 di Urbino e il mondo del lavoro.","potentialAction":[{"@type":"SearchAction","target":{"@type":"EntryPoint","urlTemplate":"https:\/\/hello.uniurb.it\/store\/?s={search_term_string}"},"query-input":"required name=search_term_string"}],"inLanguage":"it-IT"}]}},"_links":{"self":[{"href":"https:\/\/hello.uniurb.it\/store\/wp-json\/wp\/v2\/pages\/256498"}],"collection":[{"href":"https:\/\/hello.uniurb.it\/store\/wp-json\/wp\/v2\/pages"}],"about":[{"href":"https:\/\/hello.uniurb.it\/store\/wp-json\/wp\/v2\/types\/page"}],"author":[{"embeddable":true,"href":"https:\/\/hello.uniurb.it\/store\/wp-json\/wp\/v2\/users\/1"}],"replies":[{"embeddable":true,"href":"https:\/\/hello.uniurb.it\/store\/wp-json\/wp\/v2\/comments?post=256498"}],"version-history":[{"count":15,"href":"https:\/\/hello.uniurb.it\/store\/wp-json\/wp\/v2\/pages\/256498\/revisions"}],"predecessor-version":[{"id":256560,"href":"https:\/\/hello.uniurb.it\/store\/wp-json\/wp\/v2\/pages\/256498\/revisions\/256560"}],"wp:attachment":[{"href":"https:\/\/hello.uniurb.it\/store\/wp-json\/wp\/v2\/media?parent=256498"}],"curies":[{"name":"wp","href":"https:\/\/api.w.org\/{rel}","templated":true}]}}