{"id":256433,"date":"2023-07-30T23:48:23","date_gmt":"2023-07-30T23:48:23","guid":{"rendered":"https:\/\/hello.uniurb.it\/store\/?page_id=256433"},"modified":"2023-09-25T01:21:31","modified_gmt":"2023-09-25T01:21:31","slug":"gadget-and-accessories","status":"publish","type":"page","link":"https:\/\/hello.uniurb.it\/store\/gadget-and-accessories\/","title":{"rendered":"Gadget and accessories"},"content":{"rendered":"<p>[et_pb_section fb_built=&#8221;1&#8243; fullwidth=&#8221;on&#8221; _builder_version=&#8221;4.18.0&#8243; _module_preset=&#8221;default&#8221; background_color=&#8221;#474747&#8243; background_image=&#8221;https:\/\/hello.uniurb.it\/store\/wp-content\/uploads\/2023\/07\/\u200euniurb-store.\u200e026.jpeg&#8221; background_blend=&#8221;overlay&#8221; background_enable_video_mp4=&#8221;off&#8221; height=&#8221;650px&#8221; height_tablet=&#8221;400px&#8221; height_phone=&#8221;240px&#8221; height_last_edited=&#8221;on|phone&#8221; max_height_tablet=&#8221;&#8221; max_height_phone=&#8221;&#8221; max_height_last_edited=&#8221;on|desktop&#8221; global_colors_info=&#8221;{}&#8221;][et_pb_fullwidth_image src=&#8221;https:\/\/hello.uniurb.it\/store\/wp-content\/uploads\/2023\/07\/logo-store-02.png&#8221; title_text=&#8221;logo-store-02&#8243; _builder_version=&#8221;4.18.0&#8243; _module_preset=&#8221;default&#8221; width=&#8221;25%&#8221; width_tablet=&#8221;30%&#8221; width_phone=&#8221;30%&#8221; width_last_edited=&#8221;on|phone&#8221; module_alignment=&#8221;center&#8221; custom_padding=&#8221;150px|||100px|false|false&#8221; custom_padding_tablet=&#8221;90px|0px|0px|0px|false|false&#8221; custom_padding_phone=&#8221;50px||||false|false&#8221; custom_padding_last_edited=&#8221;on|phone&#8221; global_colors_info=&#8221;{}&#8221;][\/et_pb_fullwidth_image][\/et_pb_section][et_pb_section fb_built=&#8221;1&#8243; _builder_version=&#8221;4.18.0&#8243; _module_preset=&#8221;default&#8221; min_height=&#8221;198.6px&#8221; global_colors_info=&#8221;{}&#8221;][et_pb_row _builder_version=&#8221;4.16&#8243; _module_preset=&#8221;default&#8221; global_colors_info=&#8221;{}&#8221;][et_pb_column type=&#8221;4_4&#8243; _builder_version=&#8221;4.16&#8243; _module_preset=&#8221;default&#8221; global_colors_info=&#8221;{}&#8221;][et_pb_text _builder_version=&#8221;4.18.0&#8243; _module_preset=&#8221;default&#8221; text_font=&#8221;Montserrat|700||on|||||&#8221; text_font_size=&#8221;1.3em&#8221; text_line_height=&#8221;1.2em&#8221; custom_margin=&#8221;||3px|||&#8221; text_font_size_tablet=&#8221;1.2em&#8221; text_font_size_phone=&#8221;1.1em&#8221; text_font_size_last_edited=&#8221;on|phone&#8221; global_colors_info=&#8221;{}&#8221;]<\/p>\n<h1><strong>Gadget e Accessori dell&#8217;Universit\u00e0 di Urbino Carlo Bo<\/strong><\/h1>\n<p>[\/et_pb_text][et_pb_text _builder_version=&#8221;4.18.0&#8243; _module_preset=&#8221;default&#8221; text_text_color=&#8221;#474747&#8243; text_font_size=&#8221;20px&#8221; text_line_height=&#8221;1.2em&#8221; header_text_color=&#8221;#474747&#8243; text_font_size_tablet=&#8221;1.2em&#8221; text_font_size_phone=&#8221;1.1em&#8221; text_font_size_last_edited=&#8221;on|phone&#8221; global_colors_info=&#8221;{}&#8221;]<\/p>\n<p>Benvenuti nella nostra straordinaria collezione di gadget e accessori dell&#8217;Universit\u00e0 di Urbino Carlo Bo! Qui potrete scoprire una variet\u00e0 di prodotti unici e funzionali, tutti caratterizzati dal nostro esclusivo brand universitario. Siamo lieti di offrirvi una selezione di articoli pensati per arricchire la vostra esperienza accademica e per mostrare il vostro attaccamento all&#8217;ateneo.<\/p>\n<p>[\/et_pb_text][\/et_pb_column][\/et_pb_row][et_pb_row column_structure=&#8221;1_3,1_3,1_3&#8243; _builder_version=&#8221;4.18.0&#8243; _module_preset=&#8221;default&#8221; global_colors_info=&#8221;{}&#8221;][et_pb_column type=&#8221;1_3&#8243; _builder_version=&#8221;4.18.0&#8243; _module_preset=&#8221;default&#8221; global_colors_info=&#8221;{}&#8221;][et_pb_image src=&#8221;https:\/\/hello.uniurb.it\/store\/wp-content\/uploads\/2023\/07\/\u200euniurb-store-square.\u200e007.png&#8221; title_text=&#8221;\u200euniurb-store-square.\u200e007&#8243; _builder_version=&#8221;4.18.0&#8243; _module_preset=&#8221;default&#8221; global_colors_info=&#8221;{}&#8221;][\/et_pb_image][\/et_pb_column][et_pb_column type=&#8221;1_3&#8243; _builder_version=&#8221;4.18.0&#8243; _module_preset=&#8221;default&#8221; global_colors_info=&#8221;{}&#8221;][et_pb_image src=&#8221;https:\/\/hello.uniurb.it\/store\/wp-content\/uploads\/2023\/07\/\u200euniurb-store-square-2.\u200e001.png&#8221; title_text=&#8221;\u200euniurb-store-square-2.\u200e001&#8243; _builder_version=&#8221;4.18.0&#8243; _module_preset=&#8221;default&#8221; global_colors_info=&#8221;{}&#8221;][\/et_pb_image][\/et_pb_column][et_pb_column type=&#8221;1_3&#8243; _builder_version=&#8221;4.18.0&#8243; _module_preset=&#8221;default&#8221; global_colors_info=&#8221;{}&#8221;][et_pb_image src=&#8221;https:\/\/hello.uniurb.it\/store\/wp-content\/uploads\/2023\/07\/\u200euniurb-store-square-2.\u200e002.png&#8221; title_text=&#8221;\u200euniurb-store-square-2.\u200e002&#8243; _builder_version=&#8221;4.18.0&#8243; _module_preset=&#8221;default&#8221; global_colors_info=&#8221;{}&#8221;][\/et_pb_image][\/et_pb_column][\/et_pb_row][et_pb_row column_structure=&#8221;1_3,1_3,1_3&#8243; _builder_version=&#8221;4.18.0&#8243; _module_preset=&#8221;default&#8221; global_colors_info=&#8221;{}&#8221;][et_pb_column type=&#8221;1_3&#8243; _builder_version=&#8221;4.18.0&#8243; _module_preset=&#8221;default&#8221; global_colors_info=&#8221;{}&#8221;][et_pb_image src=&#8221;https:\/\/hello.uniurb.it\/store\/wp-content\/uploads\/2023\/07\/\u200euniurb-store-square-2.\u200e004.png&#8221; title_text=&#8221;\u200euniurb-store-square-2.\u200e004&#8243; _builder_version=&#8221;4.18.0&#8243; _module_preset=&#8221;default&#8221; global_colors_info=&#8221;{}&#8221;][\/et_pb_image][\/et_pb_column][et_pb_column type=&#8221;1_3&#8243; _builder_version=&#8221;4.18.0&#8243; _module_preset=&#8221;default&#8221; global_colors_info=&#8221;{}&#8221;][et_pb_image src=&#8221;https:\/\/hello.uniurb.it\/store\/wp-content\/uploads\/2023\/07\/\u200euniurb-store-square-2.\u200e007.png&#8221; title_text=&#8221;\u200euniurb-store-square-2.\u200e007&#8243; _builder_version=&#8221;4.18.0&#8243; _module_preset=&#8221;default&#8221; global_colors_info=&#8221;{}&#8221;][\/et_pb_image][\/et_pb_column][et_pb_column type=&#8221;1_3&#8243; _builder_version=&#8221;4.18.0&#8243; _module_preset=&#8221;default&#8221; global_colors_info=&#8221;{}&#8221;][et_pb_image src=&#8221;https:\/\/hello.uniurb.it\/store\/wp-content\/uploads\/2023\/07\/\u200euniurb-store-square.\u200e008.png&#8221; title_text=&#8221;\u200euniurb-store-square.\u200e008&#8243; _builder_version=&#8221;4.18.0&#8243; _module_preset=&#8221;default&#8221; global_colors_info=&#8221;{}&#8221;][\/et_pb_image][\/et_pb_column][\/et_pb_row][\/et_pb_section][et_pb_section fb_built=&#8221;1&#8243; _builder_version=&#8221;4.18.0&#8243; _module_preset=&#8221;default&#8221; background_image=&#8221;https:\/\/hello.uniurb.it\/store\/wp-content\/uploads\/2023\/07\/\u200euniurb-store.\u200e024.jpeg&#8221; min_height=&#8221;500px&#8221; global_colors_info=&#8221;{}&#8221;][\/et_pb_section][et_pb_section fb_built=&#8221;1&#8243; _builder_version=&#8221;4.18.0&#8243; _module_preset=&#8221;default&#8221; background_color=&#8221;#4c4c4c&#8221; global_colors_info=&#8221;{}&#8221;][et_pb_row column_structure=&#8221;1_3,1_3,1_3&#8243; _builder_version=&#8221;4.18.0&#8243; _module_preset=&#8221;default&#8221; global_colors_info=&#8221;{}&#8221;][et_pb_column type=&#8221;1_3&#8243; _builder_version=&#8221;4.18.0&#8243; _module_preset=&#8221;default&#8221; global_colors_info=&#8221;{}&#8221;][et_pb_text _builder_version=&#8221;4.18.0&#8243; _module_preset=&#8221;default&#8221; text_font=&#8221;Montserrat||||||||&#8221; text_font_size=&#8221;15px&#8221; header_3_font=&#8221;Montserrat|600||on|||||&#8221; background_layout=&#8221;dark&#8221; custom_padding=&#8221;|||20px|false|false&#8221; border_width_left=&#8221;2px&#8221; border_color_left=&#8221;#FFFFFF&#8221; global_colors_info=&#8221;{}&#8221;]<\/p>\n<h3>Esplorate la Nostra Vasta Scelta di Gadget e Accessori<\/h3>\n<p>La nostra collezione comprende un&#8217;ampia gamma di gadget e accessori, progettati per essere utili nella vostra vita quotidiana e per valorizzare il vostro spirito universitario. Dalle pratiche penne e quaderni con il logo dell&#8217;Universit\u00e0 di Urbino Carlo Bo ai simpatici adesivi per personalizzare i vostri oggetti, troverete sicuramente qualcosa che vi entusiasmer\u00e0.<\/p>\n<p>[\/et_pb_text][\/et_pb_column][et_pb_column type=&#8221;1_3&#8243; _builder_version=&#8221;4.18.0&#8243; _module_preset=&#8221;default&#8221; global_colors_info=&#8221;{}&#8221;][et_pb_text _builder_version=&#8221;4.18.0&#8243; _module_preset=&#8221;default&#8221; text_font=&#8221;Montserrat||||||||&#8221; text_font_size=&#8221;15px&#8221; header_3_font=&#8221;Montserrat|600||on|||||&#8221; background_layout=&#8221;dark&#8221; custom_padding=&#8221;|||20px|false|false&#8221; border_width_left=&#8221;2px&#8221; border_color_left=&#8221;#FFFFFF&#8221; global_colors_info=&#8221;{}&#8221;]<\/p>\n<h3>Esclusivo Brand Universitario<\/h3>\n<p>Tutti i gadget e gli accessori della nostra collezione sono contrassegnati dal nostro esclusivo brand universitario. Questo simbolo di identit\u00e0 e appartenenza vi accompagner\u00e0 ovunque andiate, mostrando al mondo la vostra affinit\u00e0 con l&#8217;Universit\u00e0 di Urbino Carlo Bo.<\/p>\n<p>[\/et_pb_text][\/et_pb_column][et_pb_column type=&#8221;1_3&#8243; _builder_version=&#8221;4.18.0&#8243; _module_preset=&#8221;default&#8221; global_colors_info=&#8221;{}&#8221;][et_pb_text _builder_version=&#8221;4.18.0&#8243; _module_preset=&#8221;default&#8221; text_font=&#8221;Montserrat||||||||&#8221; text_font_size=&#8221;15px&#8221; header_3_font=&#8221;Montserrat|600||on|||||&#8221; background_layout=&#8221;dark&#8221; custom_padding=&#8221;|||20px|false|false&#8221; border_width_left=&#8221;2px&#8221; border_color_left=&#8221;#FFFFFF&#8221; global_colors_info=&#8221;{}&#8221;]<\/p>\n<h3>Qualit\u00e0 e Funzionalit\u00e0<\/h3>\n<p>La qualit\u00e0 \u00e8 al centro della nostra offerta di gadget e accessori. Ogni articolo \u00e8 realizzato con materiali durevoli e resistenti, garantendo una lunga durata e prestazioni affidabili. Che si tratti di una pratica borsa per il laptop o di un elegante portachiavi, potrete contare sulla funzionalit\u00e0 di ogni prodotto.<\/p>\n<p>[\/et_pb_text][\/et_pb_column][\/et_pb_row][et_pb_row _builder_version=&#8221;4.18.0&#8243; _module_preset=&#8221;default&#8221; global_colors_info=&#8221;{}&#8221;][et_pb_column type=&#8221;4_4&#8243; _builder_version=&#8221;4.18.0&#8243; _module_preset=&#8221;default&#8221; global_colors_info=&#8221;{}&#8221;][et_pb_image src=&#8221;https:\/\/hello.uniurb.it\/store\/wp-content\/uploads\/2023\/07\/\u200euniurb-store.\u200e013.jpeg&#8221; title_text=&#8221;\u200euniurb-store.\u200e013&#8243; _builder_version=&#8221;4.18.0&#8243; _module_preset=&#8221;default&#8221; global_colors_info=&#8221;{}&#8221;][\/et_pb_image][\/et_pb_column][\/et_pb_row][et_pb_row column_structure=&#8221;1_3,1_3,1_3&#8243; _builder_version=&#8221;4.18.0&#8243; _module_preset=&#8221;default&#8221; global_colors_info=&#8221;{}&#8221;][et_pb_column type=&#8221;1_3&#8243; _builder_version=&#8221;4.18.0&#8243; _module_preset=&#8221;default&#8221; global_colors_info=&#8221;{}&#8221;][et_pb_text _builder_version=&#8221;4.18.0&#8243; _module_preset=&#8221;default&#8221; text_font=&#8221;Montserrat||||||||&#8221; text_font_size=&#8221;15px&#8221; header_3_font=&#8221;Montserrat|600||on|||||&#8221; background_layout=&#8221;dark&#8221; custom_padding=&#8221;|||20px|false|false&#8221; border_width_left=&#8221;2px&#8221; border_color_left=&#8221;#FFFFFF&#8221; global_colors_info=&#8221;{}&#8221;]<\/p>\n<h3>Espressione del Vostro Spirito Accademico<\/h3>\n<p>Indossare o utilizzare un gadget dell&#8217;Universit\u00e0 di Urbino Carlo Bo \u00e8 un modo per esprimere il vostro spirito accademico e l&#8217;amore per la vostra istituzione. I nostri accessori sono pensati per aiutarvi a trasmettere il vostro attaccamento all&#8217;ateneo in modo unico e personale.<\/p>\n<p>[\/et_pb_text][\/et_pb_column][et_pb_column type=&#8221;1_3&#8243; _builder_version=&#8221;4.18.0&#8243; _module_preset=&#8221;default&#8221; global_colors_info=&#8221;{}&#8221;][et_pb_text _builder_version=&#8221;4.18.0&#8243; _module_preset=&#8221;default&#8221; text_font=&#8221;Montserrat||||||||&#8221; text_font_size=&#8221;15px&#8221; header_3_font=&#8221;Montserrat|600||on|||||&#8221; background_layout=&#8221;dark&#8221; custom_padding=&#8221;|||20px|false|false&#8221; border_width_left=&#8221;2px&#8221; border_color_left=&#8221;#FFFFFF&#8221; global_colors_info=&#8221;{}&#8221;]<\/p>\n<h3>Ideali come Regalo<\/h3>\n<p>I nostri gadget e accessori sono anche l&#8217;opzione perfetta per fare un regalo speciale agli amici, ai familiari o agli ex compagni di studi. Sia che siate alla ricerca di un regalo di laurea, di compleanno o di una semplice sorpresa, troverete sicuramente il gadget ideale.<\/p>\n<p>[\/et_pb_text][\/et_pb_column][et_pb_column type=&#8221;1_3&#8243; _builder_version=&#8221;4.18.0&#8243; _module_preset=&#8221;default&#8221; global_colors_info=&#8221;{}&#8221;][et_pb_text _builder_version=&#8221;4.18.0&#8243; _module_preset=&#8221;default&#8221; text_font=&#8221;Montserrat||||||||&#8221; text_font_size=&#8221;15px&#8221; header_3_font=&#8221;Montserrat|600||on|||||&#8221; background_layout=&#8221;dark&#8221; custom_padding=&#8221;|||20px|false|false&#8221; border_width_left=&#8221;2px&#8221; border_color_left=&#8221;#FFFFFF&#8221; global_colors_info=&#8221;{}&#8221;]<\/p>\n<h3>Mostrate il Vostro Orgoglio<\/h3>\n<p>Esplorate ora la nostra collezione di gadget e accessori dell&#8217;Universit\u00e0 di Urbino Carlo Bo e scegliete i vostri preferiti. Sostenete la vostra universit\u00e0 e mostrate il vostro orgoglio con i nostri straordinari gadget e accessori. Indossate il nostro brand, portate con voi il vostro spirito accademico e celebrate il vostro legame con l&#8217;Universit\u00e0 di Urbino Carlo Bo!<\/p>\n<p>[\/et_pb_text][\/et_pb_column][\/et_pb_row][\/et_pb_section][et_pb_section fb_built=&#8221;1&#8243; _builder_version=&#8221;4.18.0&#8243; _module_preset=&#8221;default&#8221; background_image=&#8221;https:\/\/hello.uniurb.it\/store\/wp-content\/uploads\/2023\/07\/\u200euniurb-store.\u200e025.jpeg&#8221; min_height=&#8221;500px&#8221; global_colors_info=&#8221;{}&#8221;][\/et_pb_section][et_pb_section fb_built=&#8221;1&#8243; _builder_version=&#8221;4.18.0&#8243; _module_preset=&#8221;default&#8221; background_color=&#8221;#005092&#8243; global_colors_info=&#8221;{}&#8221;][et_pb_row _builder_version=&#8221;4.18.0&#8243; _module_preset=&#8221;default&#8221; global_colors_info=&#8221;{}&#8221;][et_pb_column type=&#8221;4_4&#8243; _builder_version=&#8221;4.18.0&#8243; _module_preset=&#8221;default&#8221; global_colors_info=&#8221;{}&#8221;][et_pb_text _builder_version=&#8221;4.18.0&#8243; _module_preset=&#8221;default&#8221; text_font=&#8221;Montserrat|700||on|||||&#8221; text_font_size=&#8221;1.3em&#8221; text_line_height=&#8221;1.2em&#8221; background_layout=&#8221;dark&#8221; custom_margin=&#8221;||3px|||&#8221; text_font_size_tablet=&#8221;1.2em&#8221; text_font_size_phone=&#8221;1.1em&#8221; text_font_size_last_edited=&#8221;on|phone&#8221; global_colors_info=&#8221;{}&#8221;]<\/p>\n<h1>Visita l&#8217;Uniurb Store<\/h1>\n<p>[\/et_pb_text][et_pb_code _builder_version=&#8221;4.18.0&#8243; _module_preset=&#8221;default&#8221; global_colors_info=&#8221;{}&#8221;]<iframe src=\"https:\/\/www.google.com\/maps\/embed?pb=!1m18!1m12!1m3!1d2883.349628502939!2d12.634569012301933!3d43.72406324772337!2m3!1f0!2f0!3f0!3m2!1i1024!2i768!4f13.1!3m3!1m2!1s0x132cf95045825c09%3A0x7a6ab47568727d77!2sUniurb%20Store!5e0!3m2!1sit!2sit!4v1690759785516!5m2!1sit!2sit\" width=\"100%\" height=\"450\" style=\"border:0;\" allowfullscreen=\"\" loading=\"lazy\" referrerpolicy=\"no-referrer-when-downgrade\"><\/iframe>[\/et_pb_code][\/et_pb_column][\/et_pb_row][\/et_pb_section]<\/p>\n","protected":false},"excerpt":{"rendered":"<p>Benvenuti nella nostra straordinaria collezione di gadget e accessori dell\u2019Universit\u00e0 di Urbino Carlo Bo! Qui potrete scoprire una variet\u00e0 di prodotti unici e funzionali, tutti caratterizzati dal nostro esclusivo brand universitario. Siamo lieti di offrirvi una selezione di articoli pensati per arricchire la vostra esperienza accademica e per mostrare il vostro attaccamento all\u2019ateneo.<\/p>\n","protected":false},"author":1,"featured_media":256463,"parent":0,"menu_order":30,"comment_status":"closed","ping_status":"closed","template":"","meta":{"_et_pb_use_builder":"on","_et_pb_old_content":"","_et_gb_content_width":""},"yoast_head":"<!-- This site is optimized with the Yoast SEO plugin v20.12 - https:\/\/yoast.com\/wordpress\/plugins\/seo\/ -->\n<title>Gadget and accessories - Store \u2014 Universit\u00e0 degli Studi di Urbino Carlo Bo<\/title>\n<meta name=\"robots\" content=\"noindex, follow, max-snippet:-1, max-image-preview:large, max-video-preview:-1\" \/>\n<meta property=\"og:locale\" content=\"it_IT\" \/>\n<meta property=\"og:type\" content=\"article\" \/>\n<meta property=\"og:title\" content=\"Uniurb Store - Universit\u00e0 degli Studi di Urbino Carlo Bo\" \/>\n<meta property=\"og:description\" content=\"Benvenuti nella nostra straordinaria collezione di gadget e accessori dell\u2019Universit\u00e0 di Urbino Carlo Bo! Qui potrete scoprire una variet\u00e0 di prodotti unici e funzionali, tutti caratterizzati dal nostro esclusivo brand universitario. Siamo lieti di offrirvi una selezione di articoli pensati per arricchire la vostra esperienza accademica e per mostrare il vostro attaccamento all\u2019ateneo.\" \/>\n<meta property=\"og:url\" content=\"https:\/\/hello.uniurb.it\/store\/gadget-and-accessories\/\" \/>\n<meta property=\"og:site_name\" content=\"Store \u2014 Universit\u00e0 degli Studi di Urbino Carlo Bo\" \/>\n<meta property=\"article:modified_time\" content=\"2023-09-25T01:21:31+00:00\" \/>\n<meta property=\"og:image\" content=\"https:\/\/hello.uniurb.it\/store\/wp-content\/uploads\/2023\/07\/\u200euniurb-store.\u200e013.jpeg\" \/>\n\t<meta property=\"og:image:width\" content=\"1920\" \/>\n\t<meta property=\"og:image:height\" content=\"1080\" \/>\n\t<meta property=\"og:image:type\" content=\"image\/jpeg\" \/>\n<meta name=\"twitter:card\" content=\"summary_large_image\" \/>\n<meta name=\"twitter:title\" content=\"Uniurb Store - Universit\u00e0 degli Studi di Urbino Carlo Bo\" \/>\n<meta name=\"twitter:description\" content=\"Benvenuti nella nostra straordinaria collezione di gadget e accessori dell\u2019Universit\u00e0 di Urbino Carlo Bo! Qui potrete scoprire una variet\u00e0 di prodotti unici e funzionali, tutti caratterizzati dal nostro esclusivo brand universitario. Siamo lieti di offrirvi una selezione di articoli pensati per arricchire la vostra esperienza accademica e per mostrare il vostro attaccamento all\u2019ateneo.\" \/>\n<meta name=\"twitter:image\" content=\"https:\/\/hello.uniurb.it\/store\/wp-content\/uploads\/2023\/07\/\u200euniurb-store.\u200e013.jpeg\" \/>\n<meta name=\"twitter:label1\" content=\"Tempo di lettura stimato\" \/>\n\t<meta name=\"twitter:data1\" content=\"4 minuti\" \/>\n<script type=\"application\/ld+json\" class=\"yoast-schema-graph\">{\"@context\":\"https:\/\/schema.org\",\"@graph\":[{\"@type\":\"WebPage\",\"@id\":\"https:\/\/hello.uniurb.it\/store\/gadget-and-accessories\/\",\"url\":\"https:\/\/hello.uniurb.it\/store\/gadget-and-accessories\/\",\"name\":\"Gadget and accessories - Store \u2014 Universit\u00e0 degli Studi di Urbino Carlo Bo\",\"isPartOf\":{\"@id\":\"https:\/\/hello.uniurb.it\/store\/#website\"},\"datePublished\":\"2023-07-30T23:48:23+00:00\",\"dateModified\":\"2023-09-25T01:21:31+00:00\",\"breadcrumb\":{\"@id\":\"https:\/\/hello.uniurb.it\/store\/gadget-and-accessories\/#breadcrumb\"},\"inLanguage\":\"it-IT\",\"potentialAction\":[{\"@type\":\"ReadAction\",\"target\":[\"https:\/\/hello.uniurb.it\/store\/gadget-and-accessories\/\"]}]},{\"@type\":\"BreadcrumbList\",\"@id\":\"https:\/\/hello.uniurb.it\/store\/gadget-and-accessories\/#breadcrumb\",\"itemListElement\":[{\"@type\":\"ListItem\",\"position\":1,\"name\":\"Home\",\"item\":\"https:\/\/hello.uniurb.it\/store\/\"},{\"@type\":\"ListItem\",\"position\":2,\"name\":\"Gadget and accessories\"}]},{\"@type\":\"WebSite\",\"@id\":\"https:\/\/hello.uniurb.it\/store\/#website\",\"url\":\"https:\/\/hello.uniurb.it\/store\/\",\"name\":\"Store \u2014 Universit\u00e0 degli Studi di Urbino Carlo Bo\",\"description\":\"Il Career Day \u00e8 il pi\u00f9 importante momento d\u2019incontro tra l\u2019Universit\u00e0 di Urbino e il mondo del lavoro.\",\"potentialAction\":[{\"@type\":\"SearchAction\",\"target\":{\"@type\":\"EntryPoint\",\"urlTemplate\":\"https:\/\/hello.uniurb.it\/store\/?s={search_term_string}\"},\"query-input\":\"required name=search_term_string\"}],\"inLanguage\":\"it-IT\"}]}<\/script>\n<!-- \/ Yoast SEO plugin. -->","yoast_head_json":{"title":"Gadget and accessories - Store \u2014 Universit\u00e0 degli Studi di Urbino Carlo Bo","robots":{"index":"noindex","follow":"follow","max-snippet":"max-snippet:-1","max-image-preview":"max-image-preview:large","max-video-preview":"max-video-preview:-1"},"og_locale":"it_IT","og_type":"article","og_title":"Uniurb Store - Universit\u00e0 degli Studi di Urbino Carlo Bo","og_description":"Benvenuti nella nostra straordinaria collezione di gadget e accessori dell\u2019Universit\u00e0 di Urbino Carlo Bo! Qui potrete scoprire una variet\u00e0 di prodotti unici e funzionali, tutti caratterizzati dal nostro esclusivo brand universitario. Siamo lieti di offrirvi una selezione di articoli pensati per arricchire la vostra esperienza accademica e per mostrare il vostro attaccamento all\u2019ateneo.","og_url":"https:\/\/hello.uniurb.it\/store\/gadget-and-accessories\/","og_site_name":"Store \u2014 Universit\u00e0 degli Studi di Urbino Carlo Bo","article_modified_time":"2023-09-25T01:21:31+00:00","og_image":[{"width":1920,"height":1080,"url":"https:\/\/hello.uniurb.it\/store\/wp-content\/uploads\/2023\/07\/\u200euniurb-store.\u200e013.jpeg","type":"image\/jpeg"}],"twitter_card":"summary_large_image","twitter_title":"Uniurb Store - Universit\u00e0 degli Studi di Urbino Carlo Bo","twitter_description":"Benvenuti nella nostra straordinaria collezione di gadget e accessori dell\u2019Universit\u00e0 di Urbino Carlo Bo! Qui potrete scoprire una variet\u00e0 di prodotti unici e funzionali, tutti caratterizzati dal nostro esclusivo brand universitario. Siamo lieti di offrirvi una selezione di articoli pensati per arricchire la vostra esperienza accademica e per mostrare il vostro attaccamento all\u2019ateneo.","twitter_image":"https:\/\/hello.uniurb.it\/store\/wp-content\/uploads\/2023\/07\/\u200euniurb-store.\u200e013.jpeg","twitter_misc":{"Tempo di lettura stimato":"4 minuti"},"schema":{"@context":"https:\/\/schema.org","@graph":[{"@type":"WebPage","@id":"https:\/\/hello.uniurb.it\/store\/gadget-and-accessories\/","url":"https:\/\/hello.uniurb.it\/store\/gadget-and-accessories\/","name":"Gadget and accessories - Store \u2014 Universit\u00e0 degli Studi di Urbino Carlo Bo","isPartOf":{"@id":"https:\/\/hello.uniurb.it\/store\/#website"},"datePublished":"2023-07-30T23:48:23+00:00","dateModified":"2023-09-25T01:21:31+00:00","breadcrumb":{"@id":"https:\/\/hello.uniurb.it\/store\/gadget-and-accessories\/#breadcrumb"},"inLanguage":"it-IT","potentialAction":[{"@type":"ReadAction","target":["https:\/\/hello.uniurb.it\/store\/gadget-and-accessories\/"]}]},{"@type":"BreadcrumbList","@id":"https:\/\/hello.uniurb.it\/store\/gadget-and-accessories\/#breadcrumb","itemListElement":[{"@type":"ListItem","position":1,"name":"Home","item":"https:\/\/hello.uniurb.it\/store\/"},{"@type":"ListItem","position":2,"name":"Gadget and accessories"}]},{"@type":"WebSite","@id":"https:\/\/hello.uniurb.it\/store\/#website","url":"https:\/\/hello.uniurb.it\/store\/","name":"Store \u2014 Universit\u00e0 degli Studi di Urbino Carlo Bo","description":"Il Career Day \u00e8 il pi\u00f9 importante momento d\u2019incontro tra l\u2019Universit\u00e0 di Urbino e il mondo del lavoro.","potentialAction":[{"@type":"SearchAction","target":{"@type":"EntryPoint","urlTemplate":"https:\/\/hello.uniurb.it\/store\/?s={search_term_string}"},"query-input":"required name=search_term_string"}],"inLanguage":"it-IT"}]}},"_links":{"self":[{"href":"https:\/\/hello.uniurb.it\/store\/wp-json\/wp\/v2\/pages\/256433"}],"collection":[{"href":"https:\/\/hello.uniurb.it\/store\/wp-json\/wp\/v2\/pages"}],"about":[{"href":"https:\/\/hello.uniurb.it\/store\/wp-json\/wp\/v2\/types\/page"}],"author":[{"embeddable":true,"href":"https:\/\/hello.uniurb.it\/store\/wp-json\/wp\/v2\/users\/1"}],"replies":[{"embeddable":true,"href":"https:\/\/hello.uniurb.it\/store\/wp-json\/wp\/v2\/comments?post=256433"}],"version-history":[{"count":14,"href":"https:\/\/hello.uniurb.it\/store\/wp-json\/wp\/v2\/pages\/256433\/revisions"}],"predecessor-version":[{"id":256535,"href":"https:\/\/hello.uniurb.it\/store\/wp-json\/wp\/v2\/pages\/256433\/revisions\/256535"}],"wp:featuredmedia":[{"embeddable":true,"href":"https:\/\/hello.uniurb.it\/store\/wp-json\/wp\/v2\/media\/256463"}],"wp:attachment":[{"href":"https:\/\/hello.uniurb.it\/store\/wp-json\/wp\/v2\/media?parent=256433"}],"curies":[{"name":"wp","href":"https:\/\/api.w.org\/{rel}","templated":true}]}}