{"id":2,"date":"2022-11-09T20:00:52","date_gmt":"2022-11-09T20:00:52","guid":{"rendered":"https:\/\/hello.uniurb.it\/?page_id=2"},"modified":"2023-11-07T15:00:01","modified_gmt":"2023-11-07T15:00:01","slug":"benvenuti","status":"publish","type":"page","link":"https:\/\/hello.uniurb.it\/store\/","title":{"rendered":"Benvenuti in Uniurb Store"},"content":{"rendered":"<p>[et_pb_section fb_built=&#8221;1&#8243; fullwidth=&#8221;on&#8221; _builder_version=&#8221;4.18.0&#8243; _module_preset=&#8221;default&#8221; background_color=&#8221;#474747&#8243; background_image=&#8221;https:\/\/hello.uniurb.it\/store\/wp-content\/uploads\/2023\/07\/229490-P1XMIU-129.jpg&#8221; background_blend=&#8221;overlay&#8221; background_enable_video_mp4=&#8221;off&#8221; height=&#8221;650px&#8221; height_tablet=&#8221;400px&#8221; height_phone=&#8221;240px&#8221; height_last_edited=&#8221;on|phone&#8221; max_height_tablet=&#8221;&#8221; max_height_phone=&#8221;&#8221; max_height_last_edited=&#8221;on|desktop&#8221; global_colors_info=&#8221;{}&#8221;][et_pb_fullwidth_image src=&#8221;https:\/\/hello.uniurb.it\/store\/wp-content\/uploads\/2023\/07\/logo-store-02.png&#8221; title_text=&#8221;logo-store-02&#8243; _builder_version=&#8221;4.18.0&#8243; _module_preset=&#8221;default&#8221; width=&#8221;25%&#8221; width_tablet=&#8221;30%&#8221; width_phone=&#8221;30%&#8221; width_last_edited=&#8221;on|phone&#8221; module_alignment=&#8221;center&#8221; custom_padding=&#8221;150px|||100px|false|false&#8221; custom_padding_tablet=&#8221;90px|0px|0px|0px|false|false&#8221; custom_padding_phone=&#8221;50px||||false|false&#8221; custom_padding_last_edited=&#8221;on|phone&#8221; global_colors_info=&#8221;{}&#8221;][\/et_pb_fullwidth_image][\/et_pb_section][et_pb_section fb_built=&#8221;1&#8243; _builder_version=&#8221;4.18.0&#8243; _module_preset=&#8221;default&#8221; min_height=&#8221;198.6px&#8221; global_colors_info=&#8221;{}&#8221;][et_pb_row _builder_version=&#8221;4.16&#8243; _module_preset=&#8221;default&#8221; global_colors_info=&#8221;{}&#8221;][et_pb_column type=&#8221;4_4&#8243; _builder_version=&#8221;4.16&#8243; _module_preset=&#8221;default&#8221; global_colors_info=&#8221;{}&#8221;][et_pb_text _builder_version=&#8221;4.18.0&#8243; _module_preset=&#8221;default&#8221; text_font=&#8221;Montserrat|700||on|||||&#8221; text_font_size=&#8221;1.3em&#8221; text_line_height=&#8221;1.2em&#8221; custom_margin=&#8221;||3px|||&#8221; text_font_size_tablet=&#8221;1.2em&#8221; text_font_size_phone=&#8221;1.1em&#8221; text_font_size_last_edited=&#8221;on|phone&#8221; global_colors_info=&#8221;{}&#8221;]<\/p>\n<h1>Benvenuti in Uniurb Store<\/h1>\n<p>[\/et_pb_text][et_pb_text _builder_version=&#8221;4.18.0&#8243; _module_preset=&#8221;default&#8221; text_text_color=&#8221;#474747&#8243; text_font_size=&#8221;20px&#8221; text_line_height=&#8221;1.2em&#8221; header_text_color=&#8221;#474747&#8243; text_font_size_tablet=&#8221;1.2em&#8221; text_font_size_phone=&#8221;1.1em&#8221; text_font_size_last_edited=&#8221;on|phone&#8221; global_colors_info=&#8221;{}&#8221;]<\/p>\n<p>Benvenuti nel negozio online dell&#8217;Universit\u00e0 di Urbino Carlo Bo! Qui potrete trovare una vasta selezione di prodotti con il nostro esclusivo brand universitario. Siamo orgogliosi di offrirvi una gamma di articoli di alta qualit\u00e0, ideali per mostrare il vostro supporto e l&#8217;appartenenza all&#8217;ateneo.<\/p>\n<p>Esplorate la nostra collezione di t-shirt, felpe, polo e accessori, ideati e progettati con cura per offrire comfort e stile. Ogni articolo \u00e8 realizzato con materiali pregiati per garantire una durata eccellente e una vestibilit\u00e0 perfetta. Siamo sicuri che troverete il capo perfetto per esprimere la vostra passione per l&#8217;Universit\u00e0 di Urbino Carlo Bo.<\/p>\n<p>[\/et_pb_text][\/et_pb_column][\/et_pb_row][et_pb_row column_structure=&#8221;1_4,1_4,1_4,1_4&#8243; _builder_version=&#8221;4.18.0&#8243; _module_preset=&#8221;default&#8221; global_colors_info=&#8221;{}&#8221;][et_pb_column type=&#8221;1_4&#8243; _builder_version=&#8221;4.18.0&#8243; _module_preset=&#8221;default&#8221; global_colors_info=&#8221;{}&#8221;][et_pb_image src=&#8221;https:\/\/hello.uniurb.it\/store\/wp-content\/uploads\/2023\/07\/tshirt_light.png&#8221; title_text=&#8221;tshirt_light&#8221; _builder_version=&#8221;4.18.0&#8243; _module_preset=&#8221;default&#8221; global_colors_info=&#8221;{}&#8221;][\/et_pb_image][\/et_pb_column][et_pb_column type=&#8221;1_4&#8243; _builder_version=&#8221;4.18.0&#8243; _module_preset=&#8221;default&#8221; global_colors_info=&#8221;{}&#8221;][et_pb_image src=&#8221;https:\/\/hello.uniurb.it\/store\/wp-content\/uploads\/2023\/07\/mockup-tshirt-uniurb-donna.png&#8221; title_text=&#8221;mockup-tshirt-uniurb-donna&#8221; _builder_version=&#8221;4.18.0&#8243; _module_preset=&#8221;default&#8221; global_colors_info=&#8221;{}&#8221;][\/et_pb_image][\/et_pb_column][et_pb_column type=&#8221;1_4&#8243; _builder_version=&#8221;4.18.0&#8243; _module_preset=&#8221;default&#8221; global_colors_info=&#8221;{}&#8221;][et_pb_image src=&#8221;https:\/\/hello.uniurb.it\/store\/wp-content\/uploads\/2023\/07\/Mockup-Polo-Shirt-Uniurb.png&#8221; title_text=&#8221;Mockup &#8211; Polo Shirt &#8211; Uniurb&#8221; _builder_version=&#8221;4.18.0&#8243; _module_preset=&#8221;default&#8221; global_colors_info=&#8221;{}&#8221;][\/et_pb_image][\/et_pb_column][et_pb_column type=&#8221;1_4&#8243; _builder_version=&#8221;4.18.0&#8243; _module_preset=&#8221;default&#8221; global_colors_info=&#8221;{}&#8221;][et_pb_image src=&#8221;https:\/\/hello.uniurb.it\/store\/wp-content\/uploads\/2023\/07\/Mockup-Polo-Shirt-Uniurb-bianca.png&#8221; title_text=&#8221;Mockup &#8211; Polo Shirt &#8211; Uniurb &#8211; bianca&#8221; _builder_version=&#8221;4.18.0&#8243; _module_preset=&#8221;default&#8221; global_colors_info=&#8221;{}&#8221;][\/et_pb_image][\/et_pb_column][\/et_pb_row][\/et_pb_section][et_pb_section fb_built=&#8221;1&#8243; _builder_version=&#8221;4.18.0&#8243; _module_preset=&#8221;default&#8221; background_color=&#8221;#474747&#8243; link_option_url=&#8221;@ET-DC@eyJkeW5hbWljIjp0cnVlLCJjb250ZW50IjoicG9zdF9saW5rX3VybF9wYWdlIiwic2V0dGluZ3MiOnsicG9zdF9pZCI6IjI1NjQ5OCJ9fQ==@&#8221; link_option_url_new_window=&#8221;on&#8221; hover_enabled=&#8221;0&#8243; global_colors_info=&#8221;{}&#8221; _dynamic_attributes=&#8221;link_option_url&#8221; sticky_enabled=&#8221;0&#8243;][et_pb_row column_structure=&#8221;1_3,2_3&#8243; _builder_version=&#8221;4.18.0&#8243; _module_preset=&#8221;default&#8221; link_option_url=&#8221;https:\/\/clubshop.macron.com\/pesaro\/universita-degli-studi-di-urbino-carlo-bo&#8221; link_option_url_new_window=&#8221;on&#8221; global_colors_info=&#8221;{}&#8221;][et_pb_column type=&#8221;1_3&#8243; _builder_version=&#8221;4.18.0&#8243; _module_preset=&#8221;default&#8221; global_colors_info=&#8221;{}&#8221;][et_pb_image src=&#8221;https:\/\/hello.uniurb.it\/store\/wp-content\/uploads\/2023\/09\/\u200emacron-uniurb-19-9.\u200e020-1.png&#8221; title_text=&#8221;\u200emacron&#8211;uniurb-19-9.\u200e020&#8243; url=&#8221;@ET-DC@eyJkeW5hbWljIjp0cnVlLCJjb250ZW50IjoicG9zdF9saW5rX3VybF9wYWdlIiwic2V0dGluZ3MiOnsicG9zdF9pZCI6IjI1NjQ5OCJ9fQ==@&#8221; _builder_version=&#8221;4.18.0&#8243; _dynamic_attributes=&#8221;url&#8221; _module_preset=&#8221;default&#8221; custom_margin=&#8221;15px||||false|false&#8221; hover_enabled=&#8221;0&#8243; global_colors_info=&#8221;{}&#8221; sticky_enabled=&#8221;0&#8243;][\/et_pb_image][\/et_pb_column][et_pb_column type=&#8221;2_3&#8243; _builder_version=&#8221;4.18.0&#8243; _module_preset=&#8221;default&#8221; global_colors_info=&#8221;{}&#8221;][et_pb_text _builder_version=&#8221;4.18.0&#8243; _dynamic_attributes=&#8221;link_option_url&#8221; _module_preset=&#8221;default&#8221; background_layout=&#8221;dark&#8221; link_option_url=&#8221;@ET-DC@eyJkeW5hbWljIjp0cnVlLCJjb250ZW50IjoicG9zdF9saW5rX3VybF9wYWdlIiwic2V0dGluZ3MiOnsicG9zdF9pZCI6IjI1NjQ5OCJ9fQ==@&#8221; hover_enabled=&#8221;0&#8243; global_colors_info=&#8221;{}&#8221; sticky_enabled=&#8221;0&#8243;]<span>Scopri il progetto di co-branding sviluppato in collaborazione con Macron, un&#8217;importante azienda specializzata nel settore sportivo. I prodotti saranno disponibili per l&#8217;acquisto online sul nostro nuovo sito di e-commerce, che sar\u00e0 attivato a breve.\u00a0<\/span><\/p>\n<p><a style=\"color:#fff\" href=\"https:\/\/clubshop.macron.com\/pesaro\/universita-degli-studi-di-urbino-carlo-bo\" target=\"_blank\" rel=\"noopener\" title=\"Macron\"><span>Acquista sul sito di Macron \u279d<\/span><\/a>[\/et_pb_text][\/et_pb_column][\/et_pb_row][\/et_pb_section][et_pb_section fb_built=&#8221;1&#8243; _builder_version=&#8221;4.18.0&#8243; _module_preset=&#8221;default&#8221; background_color=&#8221;#4f748e&#8221; background_enable_image=&#8221;off&#8221; saved_tabs=&#8221;all&#8221; global_colors_info=&#8221;{}&#8221;][et_pb_row column_structure=&#8221;2_3,1_3&#8243; _builder_version=&#8221;4.16&#8243; _module_preset=&#8221;default&#8221; global_colors_info=&#8221;{}&#8221;][et_pb_column type=&#8221;2_3&#8243; _builder_version=&#8221;4.16&#8243; _module_preset=&#8221;default&#8221; global_colors_info=&#8221;{}&#8221;][et_pb_text _builder_version=&#8221;4.18.0&#8243; _module_preset=&#8221;default&#8221; background_layout=&#8221;dark&#8221; custom_margin=&#8221;||1px||false|false&#8221; global_colors_info=&#8221;{}&#8221;]<\/p>\n<h1>Acquistare in negozio<\/h1>\n<p>&nbsp;<\/p>\n<p>[\/et_pb_text][et_pb_text _builder_version=&#8221;4.18.0&#8243; _module_preset=&#8221;default&#8221; text_font=&#8221;Montserrat||||||||&#8221; text_font_size=&#8221;22px&#8221; background_layout=&#8221;dark&#8221; custom_margin=&#8221;||3px||false|false&#8221; global_colors_info=&#8221;{}&#8221;]<\/p>\n<p><span>Le nostre t-shirt sono disponibili in una variet\u00e0 di colori e stampe, permettendovi di scegliere quello che pi\u00f9 rappresenta il vostro stile. Le felpe sono perfette per le giornate pi\u00f9 fresche, offrendo comfort e calore durante tutto l&#8217;anno. Le polo sono eleganti e versatili, ideali per eventi formali o casual. <\/span>\u00a0<\/p>\n<p>[\/et_pb_text][et_pb_text _builder_version=&#8221;4.18.0&#8243; _module_preset=&#8221;default&#8221; text_font=&#8221;Montserrat||||||||&#8221; text_font_size=&#8221;1.3em&#8221; header_font_size=&#8221;29px&#8221; background_layout=&#8221;dark&#8221; min_height=&#8221;334.8px&#8221; custom_margin=&#8221;20px||0px||false|false&#8221; global_colors_info=&#8221;{}&#8221;]<\/p>\n<p><span>La nostra missione \u00e8 offrirvi prodotti di qualit\u00e0 che vi facciano sentire parte della comunit\u00e0 dell&#8217;Universit\u00e0 di Urbino Carlo Bo. Ogni acquisto nel nostro negozio online contribuisce a sostenere le attivit\u00e0 dell&#8217;ateneo e a promuovere l&#8217;istruzione di alta qualit\u00e0.<\/span><\/p>\n<p><span>Navigando nel nostro sito, potrete esplorare le diverse categorie di prodotti, visualizzare le immagini dettagliate e leggere le descrizioni per fare la scelta migliore. Siamo costantemente alla ricerca di nuove idee e design, quindi assicuratevi di visitare spesso il nostro negozio per scoprire le ultime novit\u00e0.<\/span><\/p>\n<p>[\/et_pb_text][\/et_pb_column][et_pb_column type=&#8221;1_3&#8243; _builder_version=&#8221;4.16&#8243; _module_preset=&#8221;default&#8221; global_colors_info=&#8221;{}&#8221;][et_pb_image src=&#8221;https:\/\/hello.uniurb.it\/store\/wp-content\/uploads\/2023\/07\/03.png&#8221; title_text=&#8221;03&#8243; _builder_version=&#8221;4.18.0&#8243; _module_preset=&#8221;default&#8221; global_colors_info=&#8221;{}&#8221;][\/et_pb_image][\/et_pb_column][\/et_pb_row][\/et_pb_section][et_pb_section fb_built=&#8221;1&#8243; _builder_version=&#8221;4.18.0&#8243; _module_preset=&#8221;default&#8221; background_color=&#8221;#005092&#8243; global_colors_info=&#8221;{}&#8221;][et_pb_row _builder_version=&#8221;4.18.0&#8243; _module_preset=&#8221;default&#8221; global_colors_info=&#8221;{}&#8221;][et_pb_column type=&#8221;4_4&#8243; _builder_version=&#8221;4.18.0&#8243; _module_preset=&#8221;default&#8221; global_colors_info=&#8221;{}&#8221;][et_pb_text _builder_version=&#8221;4.18.0&#8243; _module_preset=&#8221;default&#8221; text_font=&#8221;Montserrat|700||on|||||&#8221; text_font_size=&#8221;1.3em&#8221; text_line_height=&#8221;1.2em&#8221; background_layout=&#8221;dark&#8221; custom_margin=&#8221;||3px|||&#8221; text_font_size_tablet=&#8221;1.2em&#8221; text_font_size_phone=&#8221;1.1em&#8221; text_font_size_last_edited=&#8221;on|phone&#8221; global_colors_info=&#8221;{}&#8221;]<\/p>\n<h1>Visita l&#8217;Uniurb Store<\/h1>\n<p>[\/et_pb_text][et_pb_code _builder_version=&#8221;4.18.0&#8243; _module_preset=&#8221;default&#8221; global_colors_info=&#8221;{}&#8221;]<iframe src=\"https:\/\/www.google.com\/maps\/embed?pb=!1m18!1m12!1m3!1d2883.349628502939!2d12.634569012301933!3d43.72406324772337!2m3!1f0!2f0!3f0!3m2!1i1024!2i768!4f13.1!3m3!1m2!1s0x132cf95045825c09%3A0x7a6ab47568727d77!2sUniurb%20Store!5e0!3m2!1sit!2sit!4v1690759785516!5m2!1sit!2sit\" width=\"100%\" height=\"450\" style=\"border:0;\" allowfullscreen=\"\" loading=\"lazy\" referrerpolicy=\"no-referrer-when-downgrade\"><\/iframe>[\/et_pb_code][\/et_pb_column][\/et_pb_row][\/et_pb_section]<\/p>\n","protected":false},"excerpt":{"rendered":"<p>Benvenuti nel negozio online dell\u2019Universit\u00e0 di Urbino Carlo Bo! Qui potrete trovare una vasta selezione di prodotti con il nostro esclusivo brand universitario. Siamo orgogliosi di offrirvi una gamma di articoli di alta qualit\u00e0, ideali per mostrare il vostro supporto e l\u2019appartenenza all\u2019ateneo.<br \/>\nEsplorate la nostra collezione di t-shirt, felpe, polo e accessori, ideati e progettati con cura per offrire comfort e stile. Ogni articolo \u00e8 realizzato con materiali pregiati per garantire una durata eccellente e una vestibilit\u00e0 perfetta. Siamo sicuri che troverete il capo perfetto per esprimere la vostra passione per l\u2019Universit\u00e0 di Urbino Carlo Bo.<\/p>\n","protected":false},"author":1,"featured_media":256399,"parent":0,"menu_order":10,"comment_status":"closed","ping_status":"closed","template":"","meta":{"_et_pb_use_builder":"on","_et_pb_old_content":"<!-- wp:paragraph -->\r\n<p>This is an example page. It's different from a blog post because it will stay in one place and will show up in your site navigation (in most themes). Most people start with an About page that introduces them to potential site visitors. It might say something like this:<\/p>\r\n<!-- \/wp:paragraph -->\r\n\r\n<!-- wp:quote -->\r\n<blockquote class=\"wp-block-quote\"><p>Hi there! I'm a bike messenger by day, aspiring actor by night, and this is my website. I live in Los Angeles, have a great dog named Jack, and I like pi\u00f1a coladas. (And gettin' caught in the rain.)<\/p><\/blockquote>\r\n<!-- \/wp:quote -->\r\n\r\n<!-- wp:paragraph -->\r\n<p>...or something like this:<\/p>\r\n<!-- \/wp:paragraph -->\r\n\r\n<!-- wp:quote -->\r\n<blockquote class=\"wp-block-quote\"><p>The XYZ Doohickey Company was founded in 1971, and has been providing quality doohickeys to the public ever since. Located in Gotham City, XYZ employs over 2,000 people and does all kinds of awesome things for the Gotham community.<\/p><\/blockquote>\r\n<!-- \/wp:quote -->\r\n\r\n<!-- wp:paragraph -->\r\n<p>As a new WordPress user, you should go to <a href=\"https:\/\/hello.uniurb.it\/store\/wp-admin\/\">your dashboard<\/a> to delete this page and create new pages for your content. Have fun!<\/p>\r\n<!-- \/wp:paragraph -->","_et_gb_content_width":""},"yoast_head":"<!-- This site is optimized with the Yoast SEO plugin v20.12 - https:\/\/yoast.com\/wordpress\/plugins\/seo\/ -->\n<title>Benvenuti in Uniurb Store - Store \u2014 Universit\u00e0 degli Studi di Urbino Carlo Bo<\/title>\n<meta name=\"description\" content=\"L\u2019incontro con le studentesse e gli studenti delle Scuole secondarie di secondo grado costituisce da venti anni uno degli appuntamenti pi\u00f9 qualificanti dell\u2019Universit\u00e0 degli Studi di Urbino Carlo Bo. Universit\u00e0 Aperta \u00e8 infatti il momento in cui l\u2019Ateneo \u00e8 chiamato a presentare la propria offerta formativa collaborando all\u2019orientamento alla scelta degli studi universitari.\" \/>\n<meta name=\"robots\" content=\"noindex, follow, max-snippet:-1, max-image-preview:large, max-video-preview:-1\" \/>\n<meta property=\"og:locale\" content=\"it_IT\" \/>\n<meta property=\"og:type\" content=\"article\" \/>\n<meta property=\"og:title\" content=\"Uniurb Store - Universit\u00e0 degli Studi di Urbino Carlo Bo\" \/>\n<meta property=\"og:description\" content=\"Benvenuti nel negozio online dell\u2019Universit\u00e0 di Urbino Carlo Bo! Qui potrete trovare una vasta selezione di prodotti con il nostro esclusivo brand universitario. Siamo orgogliosi di offrirvi una gamma di articoli di alta qualit\u00e0, ideali per mostrare il vostro supporto e l\u2019appartenenza all\u2019ateneo.\" \/>\n<meta property=\"og:url\" content=\"https:\/\/hello.uniurb.it\/store\/\" \/>\n<meta property=\"og:site_name\" content=\"Store \u2014 Universit\u00e0 degli Studi di Urbino Carlo Bo\" \/>\n<meta property=\"article:modified_time\" content=\"2023-11-07T15:00:01+00:00\" \/>\n<meta property=\"og:image\" content=\"https:\/\/hello.uniurb.it\/store\/wp-content\/uploads\/2023\/07\/Photo-Mockup_-6000-x-4000-px.png\" \/>\n\t<meta property=\"og:image:width\" content=\"1280\" \/>\n\t<meta property=\"og:image:height\" content=\"853\" \/>\n\t<meta property=\"og:image:type\" content=\"image\/png\" \/>\n<meta name=\"twitter:card\" content=\"summary_large_image\" \/>\n<meta name=\"twitter:title\" content=\"Uniurb Store - Universit\u00e0 degli Studi di Urbino Carlo Bo\" \/>\n<meta name=\"twitter:description\" content=\"Benvenuti nel negozio online dell\u2019Universit\u00e0 di Urbino Carlo Bo! Qui potrete trovare una vasta selezione di prodotti con il nostro esclusivo brand universitario. Siamo orgogliosi di offrirvi una gamma di articoli di alta qualit\u00e0, ideali per mostrare il vostro supporto e l\u2019appartenenza all\u2019ateneo.\" \/>\n<meta name=\"twitter:image\" content=\"https:\/\/hello.uniurb.it\/store\/wp-content\/uploads\/2023\/07\/Photo-Mockup_-6000-x-4000-px.png\" \/>\n<meta name=\"twitter:label1\" content=\"Tempo di lettura stimato\" \/>\n\t<meta name=\"twitter:data1\" content=\"3 minuti\" \/>\n<script type=\"application\/ld+json\" class=\"yoast-schema-graph\">{\"@context\":\"https:\/\/schema.org\",\"@graph\":[{\"@type\":\"WebPage\",\"@id\":\"https:\/\/hello.uniurb.it\/store\/\",\"url\":\"https:\/\/hello.uniurb.it\/store\/\",\"name\":\"Benvenuti in Uniurb Store - Store \u2014 Universit\u00e0 degli Studi di Urbino Carlo Bo\",\"isPartOf\":{\"@id\":\"https:\/\/hello.uniurb.it\/store\/#website\"},\"datePublished\":\"2022-11-09T20:00:52+00:00\",\"dateModified\":\"2023-11-07T15:00:01+00:00\",\"description\":\"L\u2019incontro con le studentesse e gli studenti delle Scuole secondarie di secondo grado costituisce da venti anni uno degli appuntamenti pi\u00f9 qualificanti dell\u2019Universit\u00e0 degli Studi di Urbino Carlo Bo. Universit\u00e0 Aperta \u00e8 infatti il momento in cui l\u2019Ateneo \u00e8 chiamato a presentare la propria offerta formativa collaborando all\u2019orientamento alla scelta degli studi universitari.\",\"breadcrumb\":{\"@id\":\"https:\/\/hello.uniurb.it\/store\/#breadcrumb\"},\"inLanguage\":\"it-IT\",\"potentialAction\":[{\"@type\":\"ReadAction\",\"target\":[\"https:\/\/hello.uniurb.it\/store\/\"]}]},{\"@type\":\"BreadcrumbList\",\"@id\":\"https:\/\/hello.uniurb.it\/store\/#breadcrumb\",\"itemListElement\":[{\"@type\":\"ListItem\",\"position\":1,\"name\":\"Home\",\"item\":\"https:\/\/hello.uniurb.it\/store\/\"},{\"@type\":\"ListItem\",\"position\":2,\"name\":\"Benvenuti in Uniurb Store\"}]},{\"@type\":\"WebSite\",\"@id\":\"https:\/\/hello.uniurb.it\/store\/#website\",\"url\":\"https:\/\/hello.uniurb.it\/store\/\",\"name\":\"Store \u2014 Universit\u00e0 degli Studi di Urbino Carlo Bo\",\"description\":\"Il Career Day \u00e8 il pi\u00f9 importante momento d\u2019incontro tra l\u2019Universit\u00e0 di Urbino e il mondo del lavoro.\",\"potentialAction\":[{\"@type\":\"SearchAction\",\"target\":{\"@type\":\"EntryPoint\",\"urlTemplate\":\"https:\/\/hello.uniurb.it\/store\/?s={search_term_string}\"},\"query-input\":\"required name=search_term_string\"}],\"inLanguage\":\"it-IT\"}]}<\/script>\n<!-- \/ Yoast SEO plugin. -->","yoast_head_json":{"title":"Benvenuti in Uniurb Store - Store \u2014 Universit\u00e0 degli Studi di Urbino Carlo Bo","description":"L\u2019incontro con le studentesse e gli studenti delle Scuole secondarie di secondo grado costituisce da venti anni uno degli appuntamenti pi\u00f9 qualificanti dell\u2019Universit\u00e0 degli Studi di Urbino Carlo Bo. Universit\u00e0 Aperta \u00e8 infatti il momento in cui l\u2019Ateneo \u00e8 chiamato a presentare la propria offerta formativa collaborando all\u2019orientamento alla scelta degli studi universitari.","robots":{"index":"noindex","follow":"follow","max-snippet":"max-snippet:-1","max-image-preview":"max-image-preview:large","max-video-preview":"max-video-preview:-1"},"og_locale":"it_IT","og_type":"article","og_title":"Uniurb Store - Universit\u00e0 degli Studi di Urbino Carlo Bo","og_description":"Benvenuti nel negozio online dell\u2019Universit\u00e0 di Urbino Carlo Bo! Qui potrete trovare una vasta selezione di prodotti con il nostro esclusivo brand universitario. Siamo orgogliosi di offrirvi una gamma di articoli di alta qualit\u00e0, ideali per mostrare il vostro supporto e l\u2019appartenenza all\u2019ateneo.","og_url":"https:\/\/hello.uniurb.it\/store\/","og_site_name":"Store \u2014 Universit\u00e0 degli Studi di Urbino Carlo Bo","article_modified_time":"2023-11-07T15:00:01+00:00","og_image":[{"width":1280,"height":853,"url":"https:\/\/hello.uniurb.it\/store\/wp-content\/uploads\/2023\/07\/Photo-Mockup_-6000-x-4000-px.png","type":"image\/png"}],"twitter_card":"summary_large_image","twitter_title":"Uniurb Store - Universit\u00e0 degli Studi di Urbino Carlo Bo","twitter_description":"Benvenuti nel negozio online dell\u2019Universit\u00e0 di Urbino Carlo Bo! Qui potrete trovare una vasta selezione di prodotti con il nostro esclusivo brand universitario. Siamo orgogliosi di offrirvi una gamma di articoli di alta qualit\u00e0, ideali per mostrare il vostro supporto e l\u2019appartenenza all\u2019ateneo.","twitter_image":"https:\/\/hello.uniurb.it\/store\/wp-content\/uploads\/2023\/07\/Photo-Mockup_-6000-x-4000-px.png","twitter_misc":{"Tempo di lettura stimato":"3 minuti"},"schema":{"@context":"https:\/\/schema.org","@graph":[{"@type":"WebPage","@id":"https:\/\/hello.uniurb.it\/store\/","url":"https:\/\/hello.uniurb.it\/store\/","name":"Benvenuti in Uniurb Store - Store \u2014 Universit\u00e0 degli Studi di Urbino Carlo Bo","isPartOf":{"@id":"https:\/\/hello.uniurb.it\/store\/#website"},"datePublished":"2022-11-09T20:00:52+00:00","dateModified":"2023-11-07T15:00:01+00:00","description":"L\u2019incontro con le studentesse e gli studenti delle Scuole secondarie di secondo grado costituisce da venti anni uno degli appuntamenti pi\u00f9 qualificanti dell\u2019Universit\u00e0 degli Studi di Urbino Carlo Bo. Universit\u00e0 Aperta \u00e8 infatti il momento in cui l\u2019Ateneo \u00e8 chiamato a presentare la propria offerta formativa collaborando all\u2019orientamento alla scelta degli studi universitari.","breadcrumb":{"@id":"https:\/\/hello.uniurb.it\/store\/#breadcrumb"},"inLanguage":"it-IT","potentialAction":[{"@type":"ReadAction","target":["https:\/\/hello.uniurb.it\/store\/"]}]},{"@type":"BreadcrumbList","@id":"https:\/\/hello.uniurb.it\/store\/#breadcrumb","itemListElement":[{"@type":"ListItem","position":1,"name":"Home","item":"https:\/\/hello.uniurb.it\/store\/"},{"@type":"ListItem","position":2,"name":"Benvenuti in Uniurb Store"}]},{"@type":"WebSite","@id":"https:\/\/hello.uniurb.it\/store\/#website","url":"https:\/\/hello.uniurb.it\/store\/","name":"Store \u2014 Universit\u00e0 degli Studi di Urbino Carlo Bo","description":"Il Career Day \u00e8 il pi\u00f9 importante momento d\u2019incontro tra l\u2019Universit\u00e0 di Urbino e il mondo del lavoro.","potentialAction":[{"@type":"SearchAction","target":{"@type":"EntryPoint","urlTemplate":"https:\/\/hello.uniurb.it\/store\/?s={search_term_string}"},"query-input":"required name=search_term_string"}],"inLanguage":"it-IT"}]}},"_links":{"self":[{"href":"https:\/\/hello.uniurb.it\/store\/wp-json\/wp\/v2\/pages\/2"}],"collection":[{"href":"https:\/\/hello.uniurb.it\/store\/wp-json\/wp\/v2\/pages"}],"about":[{"href":"https:\/\/hello.uniurb.it\/store\/wp-json\/wp\/v2\/types\/page"}],"author":[{"embeddable":true,"href":"https:\/\/hello.uniurb.it\/store\/wp-json\/wp\/v2\/users\/1"}],"replies":[{"embeddable":true,"href":"https:\/\/hello.uniurb.it\/store\/wp-json\/wp\/v2\/comments?post=2"}],"version-history":[{"count":267,"href":"https:\/\/hello.uniurb.it\/store\/wp-json\/wp\/v2\/pages\/2\/revisions"}],"predecessor-version":[{"id":256556,"href":"https:\/\/hello.uniurb.it\/store\/wp-json\/wp\/v2\/pages\/2\/revisions\/256556"}],"wp:featuredmedia":[{"embeddable":true,"href":"https:\/\/hello.uniurb.it\/store\/wp-json\/wp\/v2\/media\/256399"}],"wp:attachment":[{"href":"https:\/\/hello.uniurb.it\/store\/wp-json\/wp\/v2\/media?parent=2"}],"curies":[{"name":"wp","href":"https:\/\/api.w.org\/{rel}","templated":true}]}}