{"id":255416,"date":"2021-05-19T09:14:23","date_gmt":"2021-05-19T09:14:23","guid":{"rendered":"https:\/\/hello.uniurb.it\/logli\/?page_id=255416"},"modified":"2021-05-19T17:04:48","modified_gmt":"2021-05-19T17:04:48","slug":"biografia","status":"publish","type":"page","link":"https:\/\/hello.uniurb.it\/logli\/biografia\/","title":{"rendered":"Biografia"},"content":{"rendered":"<p>[et_pb_section fb_built=&#8221;1&#8243; fullwidth=&#8221;on&#8221; _builder_version=&#8221;4.9.4&#8243; _module_preset=&#8221;default&#8221; background_enable_color=&#8221;off&#8221; background_image=&#8221;https:\/\/hello.uniurb.it\/logli\/wp-content\/uploads\/2021\/05\/logli-bonaventura-cover-4.jpg&#8221; hover_enabled=&#8221;0&#8243; title_text=&#8221;logli-bonaventura-cover-4&#8243; sticky_enabled=&#8221;0&#8243;][et_pb_fullwidth_image src=&#8221;https:\/\/hello.uniurb.it\/logli\/wp-content\/uploads\/2021\/04\/hello-uniurb-logli-70-5.png&#8221; title_text=&#8221;hello-uniurb-logli-70-5&#8243; _builder_version=&#8221;4.9.4&#8243; _module_preset=&#8221;default&#8221; width=&#8221;15%&#8221; width_tablet=&#8221;20%&#8221; width_phone=&#8221;35%&#8221; width_last_edited=&#8221;on|phone&#8221; max_width_tablet=&#8221;&#8221; max_width_phone=&#8221;90%&#8221; max_width_last_edited=&#8221;on|phone&#8221; module_alignment=&#8221;center&#8221; custom_margin=&#8221;0px|0px|0px|0px|false|false&#8221; custom_margin_tablet=&#8221;&#8221; custom_margin_phone=&#8221;&#8221; custom_margin_last_edited=&#8221;on|desktop&#8221; custom_padding=&#8221;40px||40px||false|false&#8221; custom_padding_tablet=&#8221;0px||0px||true|false&#8221; custom_padding_phone=&#8221;0px|0px|0px|0px|false|false&#8221; custom_padding_last_edited=&#8221;on|phone&#8221;][\/et_pb_fullwidth_image][\/et_pb_section][et_pb_section fb_built=&#8221;1&#8243; disabled_on=&#8221;off|off|off&#8221; _builder_version=&#8221;4.9.3&#8243; _module_preset=&#8221;default&#8221; background_color=&#8221;#000000&#8243;][et_pb_row _builder_version=&#8221;4.9.3&#8243; _module_preset=&#8221;default&#8221; custom_padding=&#8221;||0px|||&#8221;][et_pb_column type=&#8221;4_4&#8243; _builder_version=&#8221;4.9.3&#8243; _module_preset=&#8221;default&#8221;][et_pb_text _builder_version=&#8221;4.9.4&#8243; _module_preset=&#8221;default&#8221; background_layout=&#8221;dark&#8221;]<\/p>\n<h1>Biografia<\/h1>\n<h3>a cura di Giorgio Nonni<\/h3>\n<p>[\/et_pb_text][\/et_pb_column][\/et_pb_row][et_pb_row _builder_version=&#8221;4.9.4&#8243; _module_preset=&#8221;default&#8221;][et_pb_column type=&#8221;4_4&#8243; _builder_version=&#8221;4.9.4&#8243; _module_preset=&#8221;default&#8221;][et_pb_text _builder_version=&#8221;4.9.4&#8243; _module_preset=&#8221;default&#8221; background_layout=&#8221;dark&#8221;]<\/p>\n<p><strong>Mario Logli<\/strong> \u00e8 nato nel 1933 ad Urbino, ove ha frequentato l\u2019Istituto di Belle Arti e il Magistero, apprendendo le varie tecniche grafiche e di incisione e specializzandosi poi in litografia sotto la guida di Carlo Ceci. Dopo essersi diplomato, ha insegnato Disegno Ornamentale nella stessa Scuola (1954-\u201955).<\/p>\n<p>Dal 1956 lavora, sempre in Urbino, presso la Bottega d\u2019Arte del ceramista Armando De Santi per un periodo di circa tre anni; a contatto degli strumenti del nuovo lavoro, la sua fantasia ha modo di creare una fitta serie di immagini che lasciano nel settore un segno incisivo. Questo primo ciclo di attivit\u00e0, con il notevole consenso della critica che l\u2019ha accompagnato, ha costituito un fondamentale momento di maturazione che ha dato all\u2019artista la consapevolezza delle sue possibilit\u00e0 in campo creativo.<\/p>\n<p>La capitale del Montefeltro &#8211; ricca di architetture di Luciano Laurana e di Francesco Di Giorgio Martini, di opere di pittori come Piero della Francesca, Paolo Uccello e degli urbinati Raffaello e Federico Barocci &#8211; lascia in Logli un seme che con il tempo dar\u00e0 frutti visibili che si rivelano anche nelle opere pi\u00f9 recenti.<\/p>\n<p>Nel 1955 arriva l\u2019occasione della grande citt\u00e0, con la richiesta della Casa Editrice Garzanti che gli affida le illustrazioni di una serie di testi classici. Si stabilisce quindi a Milano ove opera, oltre che come illustratore editoriale, anche come collaboratore di Ezio Frigerio per il Piccolo Teatro, disegnando costumi ed elaborazioni di scenografie.<\/p>\n<p>Dal 1964 \u00e8 responsabile del settore illustrativo della Casa Editrice De Agostini. I contatti, da un lato con i problemi e le contraddizioni di una realt\u00e0 industriale in fermento, dall\u2019altro con il tessuto vivo e conflittuale della cultura e dell\u2019arte contemporanea, lo conducono intanto a maturare e a definire i temi e i concetti della sua attivit\u00e0 pittorica. In questo processo di ricerca, l\u2019artista trova momenti privilegiati di riflessione nelle \u201cPersonali\u201d, ciascuna delle quali \u00e8 caratterizzata dalla proposta di un tema centrale, quasi che la mostra sia un libro da sfogliare e i quadri pagine di un\u2019unica opera. Da \u201c<em>No Man Land<\/em>\u201d (1970) a \u201c<em>Gli Invasori<\/em>\u201d (1975), dalle \u201c<em>Isole Volanti<\/em>\u201d (1980) a \u201c<em>Dopo i Trionfi<\/em>\u201d (1982), dal \u201c<em>Teatro delle Memorie<\/em>\u201d (1984) a \u201c<em>Archeologia del Futuro<\/em>\u201d (1987), dalle \u201c<em>Nature Silenti<\/em>\u201d (1992) alle \u201c<em>Architetture dell\u2019Anima<\/em>\u201d (1996), da \u201c<em>Citt\u00e0 del Sogno<\/em>\u201d (2001) a \u201c<em>Luoghi del ritorno<\/em>\u201d (2008), sino ai \u201c<em>Lieti colli e spaziosi campi<\/em>\u201d (2010). Il 31 maggio 2017 inaugura a Palazzo Ducale di Urbino la rassegna \u201cMario Logli tra memoria e mito\u201d: due Sezioni sono accolte alla Rocca Malatestiana di Gradara e alla Rocca Roveresca di Senigallia.<\/p>\n<p>Logli affronta cos\u00ec, in uno stretto legame di ironico e di tragico, di grottesco e di poetico, gli\u00a0inquinamenti della natura, le alienazioni e reificazioni dell\u2019uomo etero-diretto, le inattuabili proposte di \u201crestaurazione\u201d. Lungi da una critica moralistica e sdegnosa, il discorso di Logli rilancia costantemente la \u201csociet\u00e0 aperta\u201d, nella consapevolezza che i valori, in larga misura corali e collettivi, di una moderna societ\u00e0 democratica possono venire realizzati solo da uomini cui sia concesso di esplicare appieno la propria personalit\u00e0, i propri slanci creativi e di progresso.<\/p>\n<p>Dopo essere stato segnalato per due anni (1973-\u201974) nei cataloghi Bolaffi, \u00e8 stato prescelto da una giuria di critici europei tra i cinque migliori artisti italiani del momento. Vince il \u201cPremio Lombardia\u201d e il premio \u201cArte Fantastica\u201d di Stoccarda. Dopo essere stato invitato al Festival dei \u201cDue Mondi\u201d di Spoleto, \u00e8 anche chiamato nel 1987 con una importante Mostra personale dedicata ai luoghi della poesia leopardiana, a rappresentare le sue tematiche nelle pi\u00f9 prestigiose capitali d\u2019Europa e delle Americhe. Invitato, partecipa poi alla Rassegna \u201cArte Europea in Giappone\u201d, presso il Museo Laforet di Tokyo.<\/p>\n<p>Al centro di tutto, per\u00f2, sembra rimanere Urbino. Il Palazzo, la luce, l\u2019armonia, il gioco si intrecciano e si rincorrono alla ricerca quasi maniacale di spazi reali e di spazi virtuali. Nella sua cifra stilistica Logli continua a essere insieme lucidissimo e visionario. Le sue opere diventano luogo privilegiato d\u2019incontro felice tra sogno e realt\u00e0, in cui Urbino \u00e8 parte integrante di un\u2019unica, intensa storia raccontata. E proprio a Urbino, il 17 settembre 2016 Logli \u00e8 stato insignito del prestigioso \u201cSigillo d\u2019Ateneo\u201d, gi\u00e0 assegnato a illustri personalit\u00e0 del campo istituzionale, accademico e artistico. Il 14 novembre 2019 \u00e8 stato insignito della Cittadinanza Onoraria di Urbino, in una cerimonia a Palazzo Ducale. Muore il 30 maggio 2020 a Pesaro.<\/p>\n<p><strong>Hanno scritto sull\u2019opera di Mario Logli:<\/strong> Marco Valsecchi, Raffaele. De Grada, Davide. Lajolo, Domenico Porzio, Enrico Baj, Carlo Bo, Paolo Volponi, C. Munari, Valerio. Volpini, Stefano. Papetti, Enrico. Crispoldi, Giorgio Kaisserlian, Umberto Apollonio, Franco. Solmi, Franco. Foschi, Alfonso Gatto, Philippe Daverio, Giorgio Nonni.<\/p>\n<p><strong>\u00c8 stato invitato e premiato a:<\/strong> Premio \u201cCitt\u00e0 di Garda\u201d, Premio \u201cCitt\u00e0 di Borgosesia\u201d, Premio \u201cDiomira\u201d (Milano), Premio \u201cSuzzara\u201d, Premio \u201cCitt\u00e0 di Santhi\u00e0\u201d, Premio Vasto, Premio Michetti (Francavilla a Mare), Premio Villa S. Giovanni (Reggio Calabria), Premio Gallarate, Premio Soragna, Premio \u201cSan Fedele\u201d (Milano), Premio Mostra di Grafica Internazionale di Barcellona, Ambrogino d\u2019Oro (Milano), Premio del Fiorino, Premio dell\u2019Accademia \u201cG. Pontano\u201d (Napoli), Premio \u201cLombardia\u201d (Como), Premio \u201cArte Fantastica\u201d di Stoccarda.<\/p>\n<p>[\/et_pb_text][\/et_pb_column][\/et_pb_row][\/et_pb_section]<\/p>\n","protected":false},"excerpt":{"rendered":"<p>Biografia a cura di Giorgio NonniMario Logli \u00e8 nato nel 1933 ad Urbino, ove ha frequentato l\u2019Istituto di Belle Arti e il Magistero, apprendendo le varie tecniche grafiche e di incisione e specializzandosi poi in litografia sotto la guida di Carlo Ceci. Dopo essersi diplomato, ha insegnato Disegno Ornamentale nella stessa Scuola (1954-\u201955). Dal 1956 [&hellip;]<\/p>\n","protected":false},"author":1,"featured_media":0,"parent":0,"menu_order":20,"comment_status":"closed","ping_status":"closed","template":"","meta":{"_et_pb_use_builder":"on","_et_pb_old_content":"","_et_gb_content_width":""},"yoast_head":"<!-- This site is optimized with the Yoast SEO plugin v20.12 - https:\/\/yoast.com\/wordpress\/plugins\/seo\/ -->\n<title>Biografia - Mario Logli \u2014 Universit\u00e0 di Urbino Carlo Bo<\/title>\n<meta name=\"robots\" content=\"index, follow, max-snippet:-1, max-image-preview:large, max-video-preview:-1\" \/>\n<link rel=\"canonical\" href=\"https:\/\/hello.uniurb.it\/logli\/biografia\/\" \/>\n<meta property=\"og:locale\" content=\"it_IT\" \/>\n<meta property=\"og:type\" content=\"article\" \/>\n<meta property=\"og:title\" content=\"Biografia - Mario Logli \u2014 Universit\u00e0 di Urbino Carlo Bo\" \/>\n<meta property=\"og:description\" content=\"Biografia a cura di Giorgio NonniMario Logli \u00e8 nato nel 1933 ad Urbino, ove ha frequentato l\u2019Istituto di Belle Arti e il Magistero, apprendendo le varie tecniche grafiche e di incisione e specializzandosi poi in litografia sotto la guida di Carlo Ceci. Dopo essersi diplomato, ha insegnato Disegno Ornamentale nella stessa Scuola (1954-\u201955). Dal 1956 [&hellip;]\" \/>\n<meta property=\"og:url\" content=\"https:\/\/hello.uniurb.it\/logli\/biografia\/\" \/>\n<meta property=\"og:site_name\" content=\"Mario Logli \u2014 Universit\u00e0 di Urbino Carlo Bo\" \/>\n<meta property=\"article:modified_time\" content=\"2021-05-19T17:04:48+00:00\" \/>\n<meta name=\"twitter:card\" content=\"summary_large_image\" \/>\n<script type=\"application\/ld+json\" class=\"yoast-schema-graph\">{\"@context\":\"https:\/\/schema.org\",\"@graph\":[{\"@type\":\"WebPage\",\"@id\":\"https:\/\/hello.uniurb.it\/logli\/biografia\/\",\"url\":\"https:\/\/hello.uniurb.it\/logli\/biografia\/\",\"name\":\"Biografia - Mario Logli \u2014 Universit\u00e0 di Urbino Carlo Bo\",\"isPartOf\":{\"@id\":\"https:\/\/hello.uniurb.it\/logli\/#website\"},\"datePublished\":\"2021-05-19T09:14:23+00:00\",\"dateModified\":\"2021-05-19T17:04:48+00:00\",\"breadcrumb\":{\"@id\":\"https:\/\/hello.uniurb.it\/logli\/biografia\/#breadcrumb\"},\"inLanguage\":\"it-IT\",\"potentialAction\":[{\"@type\":\"ReadAction\",\"target\":[\"https:\/\/hello.uniurb.it\/logli\/biografia\/\"]}]},{\"@type\":\"BreadcrumbList\",\"@id\":\"https:\/\/hello.uniurb.it\/logli\/biografia\/#breadcrumb\",\"itemListElement\":[{\"@type\":\"ListItem\",\"position\":1,\"name\":\"Home\",\"item\":\"https:\/\/hello.uniurb.it\/logli\/\"},{\"@type\":\"ListItem\",\"position\":2,\"name\":\"Biografia\"}]},{\"@type\":\"WebSite\",\"@id\":\"https:\/\/hello.uniurb.it\/logli\/#website\",\"url\":\"https:\/\/hello.uniurb.it\/logli\/\",\"name\":\"Mario Logli \u2014 Universit\u00e0 di Urbino Carlo Bo\",\"description\":\"Mario Logli a Palazzo Bonaventura \u2014 Via Aurelio Saffi, 2 \u2014 Sede del Rettorato\",\"potentialAction\":[{\"@type\":\"SearchAction\",\"target\":{\"@type\":\"EntryPoint\",\"urlTemplate\":\"https:\/\/hello.uniurb.it\/logli\/?s={search_term_string}\"},\"query-input\":\"required name=search_term_string\"}],\"inLanguage\":\"it-IT\"}]}<\/script>\n<!-- \/ Yoast SEO plugin. -->","yoast_head_json":{"title":"Biografia - Mario Logli \u2014 Universit\u00e0 di Urbino Carlo Bo","robots":{"index":"index","follow":"follow","max-snippet":"max-snippet:-1","max-image-preview":"max-image-preview:large","max-video-preview":"max-video-preview:-1"},"canonical":"https:\/\/hello.uniurb.it\/logli\/biografia\/","og_locale":"it_IT","og_type":"article","og_title":"Biografia - Mario Logli \u2014 Universit\u00e0 di Urbino Carlo Bo","og_description":"Biografia a cura di Giorgio NonniMario Logli \u00e8 nato nel 1933 ad Urbino, ove ha frequentato l\u2019Istituto di Belle Arti e il Magistero, apprendendo le varie tecniche grafiche e di incisione e specializzandosi poi in litografia sotto la guida di Carlo Ceci. Dopo essersi diplomato, ha insegnato Disegno Ornamentale nella stessa Scuola (1954-\u201955). Dal 1956 [&hellip;]","og_url":"https:\/\/hello.uniurb.it\/logli\/biografia\/","og_site_name":"Mario Logli \u2014 Universit\u00e0 di Urbino Carlo Bo","article_modified_time":"2021-05-19T17:04:48+00:00","twitter_card":"summary_large_image","schema":{"@context":"https:\/\/schema.org","@graph":[{"@type":"WebPage","@id":"https:\/\/hello.uniurb.it\/logli\/biografia\/","url":"https:\/\/hello.uniurb.it\/logli\/biografia\/","name":"Biografia - Mario Logli \u2014 Universit\u00e0 di Urbino Carlo Bo","isPartOf":{"@id":"https:\/\/hello.uniurb.it\/logli\/#website"},"datePublished":"2021-05-19T09:14:23+00:00","dateModified":"2021-05-19T17:04:48+00:00","breadcrumb":{"@id":"https:\/\/hello.uniurb.it\/logli\/biografia\/#breadcrumb"},"inLanguage":"it-IT","potentialAction":[{"@type":"ReadAction","target":["https:\/\/hello.uniurb.it\/logli\/biografia\/"]}]},{"@type":"BreadcrumbList","@id":"https:\/\/hello.uniurb.it\/logli\/biografia\/#breadcrumb","itemListElement":[{"@type":"ListItem","position":1,"name":"Home","item":"https:\/\/hello.uniurb.it\/logli\/"},{"@type":"ListItem","position":2,"name":"Biografia"}]},{"@type":"WebSite","@id":"https:\/\/hello.uniurb.it\/logli\/#website","url":"https:\/\/hello.uniurb.it\/logli\/","name":"Mario Logli \u2014 Universit\u00e0 di Urbino Carlo Bo","description":"Mario Logli a Palazzo Bonaventura \u2014 Via Aurelio Saffi, 2 \u2014 Sede del Rettorato","potentialAction":[{"@type":"SearchAction","target":{"@type":"EntryPoint","urlTemplate":"https:\/\/hello.uniurb.it\/logli\/?s={search_term_string}"},"query-input":"required name=search_term_string"}],"inLanguage":"it-IT"}]}},"_links":{"self":[{"href":"https:\/\/hello.uniurb.it\/logli\/wp-json\/wp\/v2\/pages\/255416"}],"collection":[{"href":"https:\/\/hello.uniurb.it\/logli\/wp-json\/wp\/v2\/pages"}],"about":[{"href":"https:\/\/hello.uniurb.it\/logli\/wp-json\/wp\/v2\/types\/page"}],"author":[{"embeddable":true,"href":"https:\/\/hello.uniurb.it\/logli\/wp-json\/wp\/v2\/users\/1"}],"replies":[{"embeddable":true,"href":"https:\/\/hello.uniurb.it\/logli\/wp-json\/wp\/v2\/comments?post=255416"}],"version-history":[{"count":8,"href":"https:\/\/hello.uniurb.it\/logli\/wp-json\/wp\/v2\/pages\/255416\/revisions"}],"predecessor-version":[{"id":255506,"href":"https:\/\/hello.uniurb.it\/logli\/wp-json\/wp\/v2\/pages\/255416\/revisions\/255506"}],"wp:attachment":[{"href":"https:\/\/hello.uniurb.it\/logli\/wp-json\/wp\/v2\/media?parent=255416"}],"curies":[{"name":"wp","href":"https:\/\/api.w.org\/{rel}","templated":true}]}}