{"id":255340,"date":"2021-04-27T21:14:43","date_gmt":"2021-04-27T21:14:43","guid":{"rendered":"https:\/\/hello.uniurb.it\/logli\/?page_id=255340"},"modified":"2021-05-24T23:38:05","modified_gmt":"2021-05-24T23:38:05","slug":"nei-luoghi-dell-arte","status":"publish","type":"page","link":"https:\/\/hello.uniurb.it\/logli\/le-opere\/nei-luoghi-dell-arte\/","title":{"rendered":"Nei luoghi dell\u2019arte"},"content":{"rendered":"<p>[et_pb_section fb_built=&#8221;1&#8243; fullwidth=&#8221;on&#8221; _builder_version=&#8221;4.9.4&#8243; _module_preset=&#8221;default&#8221; background_enable_color=&#8221;off&#8221; background_image=&#8221;https:\/\/hello.uniurb.it\/logli\/wp-content\/uploads\/2021\/05\/logli-bonaventura-cover-6.jpg&#8221;][et_pb_fullwidth_image src=&#8221;https:\/\/hello.uniurb.it\/logli\/wp-content\/uploads\/2021\/04\/hello-uniurb-logli-70-5.png&#8221; title_text=&#8221;hello-uniurb-logli-70-5&#8243; _builder_version=&#8221;4.9.4&#8243; _module_preset=&#8221;default&#8221; width=&#8221;15%&#8221; width_tablet=&#8221;20%&#8221; width_phone=&#8221;35%&#8221; width_last_edited=&#8221;on|phone&#8221; max_width_tablet=&#8221;&#8221; max_width_phone=&#8221;90%&#8221; max_width_last_edited=&#8221;on|phone&#8221; module_alignment=&#8221;center&#8221; custom_margin=&#8221;0px|0px|0px|0px|false|false&#8221; custom_margin_tablet=&#8221;&#8221; custom_margin_phone=&#8221;&#8221; custom_margin_last_edited=&#8221;on|desktop&#8221; custom_padding=&#8221;40px||40px||false|false&#8221; custom_padding_tablet=&#8221;0px||0px||true|false&#8221; custom_padding_phone=&#8221;0px|0px|0px|0px|false|false&#8221; custom_padding_last_edited=&#8221;on|phone&#8221;][\/et_pb_fullwidth_image][\/et_pb_section][et_pb_section fb_built=&#8221;1&#8243; disabled_on=&#8221;off|off|off&#8221; _builder_version=&#8221;4.9.3&#8243; _module_preset=&#8221;default&#8221; background_color=&#8221;#000000&#8243;][et_pb_row _builder_version=&#8221;4.9.3&#8243; _module_preset=&#8221;default&#8221; custom_padding=&#8221;||0px|||&#8221;][et_pb_column type=&#8221;4_4&#8243; _builder_version=&#8221;4.9.3&#8243; _module_preset=&#8221;default&#8221;][et_pb_text _builder_version=&#8221;4.9.4&#8243; _module_preset=&#8221;default&#8221; background_layout=&#8221;dark&#8221;]<\/p>\n<h1>Nei luoghi dell\u2019arte<\/h1>\n<h3>a cura di Mattia Giancarli<\/h3>\n<p>[\/et_pb_text][\/et_pb_column][\/et_pb_row][et_pb_row column_structure=&#8221;3_5,2_5&#8243; _builder_version=&#8221;4.7.7&#8243; _module_preset=&#8221;default&#8221;][et_pb_column type=&#8221;3_5&#8243; _builder_version=&#8221;4.7.7&#8243; _module_preset=&#8221;default&#8221;][et_pb_audio _builder_version=&#8221;4.9.4&#8243; _module_preset=&#8221;default&#8221; title_text=&#8221;5-Nei luoghi dell&#8217;arte&#8221; audio=&#8221;https:\/\/hello.uniurb.it\/logli\/wp-content\/uploads\/2021\/05\/5-Nei-luoghi-dellarte.m4a&#8221; background_color=&#8221;#000000&#8243; custom_margin=&#8221;10px|10px|10px|10px|false|false&#8221; custom_padding=&#8221;10px|10px|10px|10px|false|false&#8221; hover_enabled=&#8221;0&#8243; sticky_enabled=&#8221;0&#8243;][\/et_pb_audio][et_pb_text _builder_version=&#8221;4.9.4&#8243; _module_preset=&#8221;default&#8221; background_layout=&#8221;dark&#8221; inline_fonts=&#8221;ABeeZee&#8221;]<\/p>\n<div>\n<p><em>Nei luoghi dell\u2019arte<\/em>, una delle pochissime opere a riportare sia la data che la firma, \u00e8 una delle ultimissime realizzazioni di Logli che, in questa tela, torna ad un\u2019esecuzione che sembra essere pi\u00f9 interessata alla materia che non al segno. Il ricorso alla tecnica del collage non \u00e8 certo nuova nella produzione dell\u2019artista che, soprattutto nella serie intitolata <em>Dopo i trionfi<\/em> e dedicata alla reinterpretazione in chiave moderna e personale dei pi\u00f9 celebri ritratti ducali realizzati tra Quattro e Cinquecento, era solito impastare con il colore sabbie, granelle fino anche a monete per creare eleganti raffinatezze.<\/p>\n<\/div>\n<div>\n<p>Nel dipinto, giocato tutto sui toni dell\u2019ocra, Urbino appare come un\u2019oasi in un deserto senza fine e senza tempo in cui strane presenze, riemerse dal sottosuolo, sembrano minacciarla. Si tratta ancora una volta di catrami e veleni che, risalendo il pendio della duna, ribollono lenti e inesorabili. Persino il cielo plumbeo pare incombere inquietante sulla citt\u00e0 che, pur essendo appena visibile, si staglia bella e ieratica su un fondo oro come fosse in una pala del Duecento. \u00c8 in questa fissit\u00e0 e in queste sperimentazioni materiche che Logli scopre un lirismo e una spiritualit\u00e0 nuovi, che certo devono molto alla lezione informale ed esistenzialista di Jean Fautrier, ma che raggiungono in questa esecuzione picchi di fantasiosa eleganza.<\/p>\n<\/div>\n<p>[\/et_pb_text][\/et_pb_column][et_pb_column type=&#8221;2_5&#8243; _builder_version=&#8221;4.9.3&#8243; _module_preset=&#8221;default&#8221;][et_pb_text _builder_version=&#8221;4.9.4&#8243; _module_preset=&#8221;default&#8221; background_layout=&#8221;dark&#8221; inline_fonts=&#8221;ABeeZee&#8221;]<\/p>\n<div><span>Mario Logli, <i>Nei luoghi dell\u2019arte<\/i>, 2019, tecnica mista, olio, acrilico e collage su tela; 90&#215;120 cm.<\/span><\/div>\n<div><\/div>\n<p>[\/et_pb_text][et_pb_image src=&#8221;https:\/\/hello.uniurb.it\/logli\/wp-content\/uploads\/2021\/04\/nei-luoghi-dell-arte-1.jpg&#8221; alt=&#8221;Mario Logli, Finestra sul Mercatale, tecnica mista, olio e acrilico su tela; 80&#215;100 cm.&#8221; title_text=&#8221;nei-luoghi-dell-arte&#8221; _builder_version=&#8221;4.9.4&#8243; _module_preset=&#8221;default&#8221;][\/et_pb_image][\/et_pb_column][\/et_pb_row][\/et_pb_section]<\/p>\n","protected":false},"excerpt":{"rendered":"<p>Nei luoghi dell\u2019arte a cura di Mattia Giancarli Nei luoghi dell\u2019arte, una delle pochissime opere a riportare sia la data che la firma, \u00e8 una delle ultimissime realizzazioni di Logli che, in questa tela, torna ad un\u2019esecuzione che sembra essere pi\u00f9 interessata alla materia che non al segno. Il ricorso alla tecnica del collage non [&hellip;]<\/p>\n","protected":false},"author":1,"featured_media":255456,"parent":2,"menu_order":40,"comment_status":"closed","ping_status":"closed","template":"","meta":{"_et_pb_use_builder":"on","_et_pb_old_content":"","_et_gb_content_width":""},"yoast_head":"<!-- This site is optimized with the Yoast SEO plugin v20.12 - https:\/\/yoast.com\/wordpress\/plugins\/seo\/ -->\n<title>Nei luoghi dell\u2019arte - Mario Logli \u2014 Universit\u00e0 di Urbino Carlo Bo<\/title>\n<meta name=\"robots\" content=\"index, follow, max-snippet:-1, max-image-preview:large, max-video-preview:-1\" \/>\n<link rel=\"canonical\" href=\"https:\/\/hello.uniurb.it\/logli\/le-opere\/nei-luoghi-dell-arte\/\" \/>\n<meta property=\"og:locale\" content=\"it_IT\" \/>\n<meta property=\"og:type\" content=\"article\" \/>\n<meta property=\"og:title\" content=\"Nei luoghi dell\u2019arte - Mario Logli \u2014 Universit\u00e0 di Urbino Carlo Bo\" \/>\n<meta property=\"og:description\" content=\"Nei luoghi dell\u2019arte a cura di Mattia Giancarli Nei luoghi dell\u2019arte, una delle pochissime opere a riportare sia la data che la firma, \u00e8 una delle ultimissime realizzazioni di Logli che, in questa tela, torna ad un\u2019esecuzione che sembra essere pi\u00f9 interessata alla materia che non al segno. Il ricorso alla tecnica del collage non [&hellip;]\" \/>\n<meta property=\"og:url\" content=\"https:\/\/hello.uniurb.it\/logli\/le-opere\/nei-luoghi-dell-arte\/\" \/>\n<meta property=\"og:site_name\" content=\"Mario Logli \u2014 Universit\u00e0 di Urbino Carlo Bo\" \/>\n<meta property=\"article:modified_time\" content=\"2021-05-24T23:38:05+00:00\" \/>\n<meta property=\"og:image\" content=\"https:\/\/hello.uniurb.it\/logli\/wp-content\/uploads\/2021\/05\/logli-bonaventura-cover-6.jpg\" \/>\n\t<meta property=\"og:image:width\" content=\"1920\" \/>\n\t<meta property=\"og:image:height\" content=\"1080\" \/>\n\t<meta property=\"og:image:type\" content=\"image\/jpeg\" \/>\n<meta name=\"twitter:card\" content=\"summary_large_image\" \/>\n<script type=\"application\/ld+json\" class=\"yoast-schema-graph\">{\"@context\":\"https:\/\/schema.org\",\"@graph\":[{\"@type\":\"WebPage\",\"@id\":\"https:\/\/hello.uniurb.it\/logli\/le-opere\/nei-luoghi-dell-arte\/\",\"url\":\"https:\/\/hello.uniurb.it\/logli\/le-opere\/nei-luoghi-dell-arte\/\",\"name\":\"Nei luoghi dell\u2019arte - Mario Logli \u2014 Universit\u00e0 di Urbino Carlo Bo\",\"isPartOf\":{\"@id\":\"https:\/\/hello.uniurb.it\/logli\/#website\"},\"datePublished\":\"2021-04-27T21:14:43+00:00\",\"dateModified\":\"2021-05-24T23:38:05+00:00\",\"breadcrumb\":{\"@id\":\"https:\/\/hello.uniurb.it\/logli\/le-opere\/nei-luoghi-dell-arte\/#breadcrumb\"},\"inLanguage\":\"it-IT\",\"potentialAction\":[{\"@type\":\"ReadAction\",\"target\":[\"https:\/\/hello.uniurb.it\/logli\/le-opere\/nei-luoghi-dell-arte\/\"]}]},{\"@type\":\"BreadcrumbList\",\"@id\":\"https:\/\/hello.uniurb.it\/logli\/le-opere\/nei-luoghi-dell-arte\/#breadcrumb\",\"itemListElement\":[{\"@type\":\"ListItem\",\"position\":1,\"name\":\"Home\",\"item\":\"https:\/\/hello.uniurb.it\/logli\/\"},{\"@type\":\"ListItem\",\"position\":2,\"name\":\"Mario Logli a Palazzo Bonaventura\",\"item\":\"https:\/\/hello.uniurb.it\/logli\/\"},{\"@type\":\"ListItem\",\"position\":3,\"name\":\"Nei luoghi dell\u2019arte\"}]},{\"@type\":\"WebSite\",\"@id\":\"https:\/\/hello.uniurb.it\/logli\/#website\",\"url\":\"https:\/\/hello.uniurb.it\/logli\/\",\"name\":\"Mario Logli \u2014 Universit\u00e0 di Urbino Carlo Bo\",\"description\":\"Mario Logli a Palazzo Bonaventura \u2014 Via Aurelio Saffi, 2 \u2014 Sede del Rettorato\",\"potentialAction\":[{\"@type\":\"SearchAction\",\"target\":{\"@type\":\"EntryPoint\",\"urlTemplate\":\"https:\/\/hello.uniurb.it\/logli\/?s={search_term_string}\"},\"query-input\":\"required name=search_term_string\"}],\"inLanguage\":\"it-IT\"}]}<\/script>\n<!-- \/ Yoast SEO plugin. -->","yoast_head_json":{"title":"Nei luoghi dell\u2019arte - Mario Logli \u2014 Universit\u00e0 di Urbino Carlo Bo","robots":{"index":"index","follow":"follow","max-snippet":"max-snippet:-1","max-image-preview":"max-image-preview:large","max-video-preview":"max-video-preview:-1"},"canonical":"https:\/\/hello.uniurb.it\/logli\/le-opere\/nei-luoghi-dell-arte\/","og_locale":"it_IT","og_type":"article","og_title":"Nei luoghi dell\u2019arte - Mario Logli \u2014 Universit\u00e0 di Urbino Carlo Bo","og_description":"Nei luoghi dell\u2019arte a cura di Mattia Giancarli Nei luoghi dell\u2019arte, una delle pochissime opere a riportare sia la data che la firma, \u00e8 una delle ultimissime realizzazioni di Logli che, in questa tela, torna ad un\u2019esecuzione che sembra essere pi\u00f9 interessata alla materia che non al segno. Il ricorso alla tecnica del collage non [&hellip;]","og_url":"https:\/\/hello.uniurb.it\/logli\/le-opere\/nei-luoghi-dell-arte\/","og_site_name":"Mario Logli \u2014 Universit\u00e0 di Urbino Carlo Bo","article_modified_time":"2021-05-24T23:38:05+00:00","og_image":[{"width":1920,"height":1080,"url":"https:\/\/hello.uniurb.it\/logli\/wp-content\/uploads\/2021\/05\/logli-bonaventura-cover-6.jpg","type":"image\/jpeg"}],"twitter_card":"summary_large_image","schema":{"@context":"https:\/\/schema.org","@graph":[{"@type":"WebPage","@id":"https:\/\/hello.uniurb.it\/logli\/le-opere\/nei-luoghi-dell-arte\/","url":"https:\/\/hello.uniurb.it\/logli\/le-opere\/nei-luoghi-dell-arte\/","name":"Nei luoghi dell\u2019arte - Mario Logli \u2014 Universit\u00e0 di Urbino Carlo Bo","isPartOf":{"@id":"https:\/\/hello.uniurb.it\/logli\/#website"},"datePublished":"2021-04-27T21:14:43+00:00","dateModified":"2021-05-24T23:38:05+00:00","breadcrumb":{"@id":"https:\/\/hello.uniurb.it\/logli\/le-opere\/nei-luoghi-dell-arte\/#breadcrumb"},"inLanguage":"it-IT","potentialAction":[{"@type":"ReadAction","target":["https:\/\/hello.uniurb.it\/logli\/le-opere\/nei-luoghi-dell-arte\/"]}]},{"@type":"BreadcrumbList","@id":"https:\/\/hello.uniurb.it\/logli\/le-opere\/nei-luoghi-dell-arte\/#breadcrumb","itemListElement":[{"@type":"ListItem","position":1,"name":"Home","item":"https:\/\/hello.uniurb.it\/logli\/"},{"@type":"ListItem","position":2,"name":"Mario Logli a Palazzo Bonaventura","item":"https:\/\/hello.uniurb.it\/logli\/"},{"@type":"ListItem","position":3,"name":"Nei luoghi dell\u2019arte"}]},{"@type":"WebSite","@id":"https:\/\/hello.uniurb.it\/logli\/#website","url":"https:\/\/hello.uniurb.it\/logli\/","name":"Mario Logli \u2014 Universit\u00e0 di Urbino Carlo Bo","description":"Mario Logli a Palazzo Bonaventura \u2014 Via Aurelio Saffi, 2 \u2014 Sede del Rettorato","potentialAction":[{"@type":"SearchAction","target":{"@type":"EntryPoint","urlTemplate":"https:\/\/hello.uniurb.it\/logli\/?s={search_term_string}"},"query-input":"required name=search_term_string"}],"inLanguage":"it-IT"}]}},"_links":{"self":[{"href":"https:\/\/hello.uniurb.it\/logli\/wp-json\/wp\/v2\/pages\/255340"}],"collection":[{"href":"https:\/\/hello.uniurb.it\/logli\/wp-json\/wp\/v2\/pages"}],"about":[{"href":"https:\/\/hello.uniurb.it\/logli\/wp-json\/wp\/v2\/types\/page"}],"author":[{"embeddable":true,"href":"https:\/\/hello.uniurb.it\/logli\/wp-json\/wp\/v2\/users\/1"}],"replies":[{"embeddable":true,"href":"https:\/\/hello.uniurb.it\/logli\/wp-json\/wp\/v2\/comments?post=255340"}],"version-history":[{"count":7,"href":"https:\/\/hello.uniurb.it\/logli\/wp-json\/wp\/v2\/pages\/255340\/revisions"}],"predecessor-version":[{"id":255544,"href":"https:\/\/hello.uniurb.it\/logli\/wp-json\/wp\/v2\/pages\/255340\/revisions\/255544"}],"up":[{"embeddable":true,"href":"https:\/\/hello.uniurb.it\/logli\/wp-json\/wp\/v2\/pages\/2"}],"wp:featuredmedia":[{"embeddable":true,"href":"https:\/\/hello.uniurb.it\/logli\/wp-json\/wp\/v2\/media\/255456"}],"wp:attachment":[{"href":"https:\/\/hello.uniurb.it\/logli\/wp-json\/wp\/v2\/media?parent=255340"}],"curies":[{"name":"wp","href":"https:\/\/api.w.org\/{rel}","templated":true}]}}