{"id":255327,"date":"2021-04-27T21:07:15","date_gmt":"2021-04-27T21:07:15","guid":{"rendered":"https:\/\/hello.uniurb.it\/logli\/?page_id=255327"},"modified":"2021-05-24T23:37:52","modified_gmt":"2021-05-24T23:37:52","slug":"vieni-via-con-me","status":"publish","type":"page","link":"https:\/\/hello.uniurb.it\/logli\/le-opere\/vieni-via-con-me\/","title":{"rendered":"Vieni via con me"},"content":{"rendered":"<p>[et_pb_section fb_built=&#8221;1&#8243; fullwidth=&#8221;on&#8221; _builder_version=&#8221;4.9.4&#8243; _module_preset=&#8221;default&#8221; background_enable_color=&#8221;off&#8221; background_image=&#8221;https:\/\/hello.uniurb.it\/logli\/wp-content\/uploads\/2021\/05\/logli-bonaventura-cover-4.jpg&#8221;][et_pb_fullwidth_image src=&#8221;https:\/\/hello.uniurb.it\/logli\/wp-content\/uploads\/2021\/04\/hello-uniurb-logli-70-5.png&#8221; title_text=&#8221;hello-uniurb-logli-70-5&#8243; _builder_version=&#8221;4.9.4&#8243; _module_preset=&#8221;default&#8221; width=&#8221;15%&#8221; width_tablet=&#8221;20%&#8221; width_phone=&#8221;35%&#8221; width_last_edited=&#8221;on|phone&#8221; max_width_tablet=&#8221;&#8221; max_width_phone=&#8221;90%&#8221; max_width_last_edited=&#8221;on|phone&#8221; module_alignment=&#8221;center&#8221; custom_margin=&#8221;0px|0px|0px|0px|false|false&#8221; custom_margin_tablet=&#8221;&#8221; custom_margin_phone=&#8221;&#8221; custom_margin_last_edited=&#8221;on|desktop&#8221; custom_padding=&#8221;40px||40px||false|false&#8221; custom_padding_tablet=&#8221;0px||0px||true|false&#8221; custom_padding_phone=&#8221;0px|0px|0px|0px|false|false&#8221; custom_padding_last_edited=&#8221;on|phone&#8221;][\/et_pb_fullwidth_image][\/et_pb_section][et_pb_section fb_built=&#8221;1&#8243; disabled_on=&#8221;off|off|off&#8221; _builder_version=&#8221;4.9.3&#8243; _module_preset=&#8221;default&#8221; background_color=&#8221;#000000&#8243;][et_pb_row _builder_version=&#8221;4.9.3&#8243; _module_preset=&#8221;default&#8221; custom_padding=&#8221;||0px|||&#8221;][et_pb_column type=&#8221;4_4&#8243; _builder_version=&#8221;4.9.3&#8243; _module_preset=&#8221;default&#8221;][et_pb_text _builder_version=&#8221;4.9.4&#8243; _module_preset=&#8221;default&#8221; background_layout=&#8221;dark&#8221;]<\/p>\n<h1>Vieni via con me<\/h1>\n<h3>a cura di Mattia Giancarli<\/h3>\n<p>[\/et_pb_text][\/et_pb_column][\/et_pb_row][et_pb_row column_structure=&#8221;3_5,2_5&#8243; _builder_version=&#8221;4.9.4&#8243; _module_preset=&#8221;default&#8221;][et_pb_column type=&#8221;3_5&#8243; _builder_version=&#8221;4.9.4&#8243; _module_preset=&#8221;default&#8221;][et_pb_text _builder_version=&#8221;4.9.4&#8243; _module_preset=&#8221;default&#8221; background_layout=&#8221;dark&#8221; inline_fonts=&#8221;ABeeZee&#8221;]<\/p>\n<blockquote>\n<div>\n<p>\u201c[\u2026] Or siamo fermi: abbiamo in faccia Urbino<\/p>\n<p>ventoso: ognuno manda da una balza<\/p>\n<p>la sua cometa per il ciel turchino.<\/p>\n<p>&nbsp;<\/p>\n<p>Ed ecco ondeggia, pencola, urta, sbalza,<\/p>\n<p>risale, prende il vento; ecco pian piano<\/p>\n<p>tra un lungo dei fanciulli urlo s&#8217;inalza. [\u2026]\u201d<\/p>\n<\/div>\n<\/blockquote>\n<div><\/div>\n<div><span><\/span><\/div>\n<div><span><\/span><\/div>\n<div><\/div>\n<div><\/div>\n<div><\/div>\n<div>\n<p>Era il 1900 quando Giovanni Pascoli, allora trentacinquenne, pubblicava <em>L\u2019Aquilone<\/em>: una tra le sue pi\u00f9 celebri poesie in cui si condensano i ricordi della sua prima infanzia passata ad Urbino, dove si trovava a studiare presso i padri scolopi del collegio Raffaello. Un\u2019immagine, quella degli aquiloni che si inseguono colorati fendendo, spinti dal vento, l\u2019azzurro del cielo, che \u00e8 cara agli urbinati e a chiunque abbia frequentato la citt\u00e0 e che ispir\u00f2 a Mario Logli tutto un filone artistico: quella delle <em>Isole volanti<\/em>cos\u00ec belle, potenti e fantasiose da diventare, al pari della sua firma, un suo marchio di fabbrica. In questa serie, che segue le prime esperienze vicine alla pop-art e l\u2019importante stagione degli <em>Invasori<\/em> della met\u00e0 degli anni Settanta, Logli denuncia a gran voce la sua adesione alla poetica surrealista di Dal\u00ec e di Magritte, di cui soprattutto <a href=\"https:\/\/www.imj.org.il\/en\/collections\/194552\"><em>Le Ch\u00e2teau des Pyr\u00e9n\u00e9es<\/em> (<em>Il castello dei Pirenei<\/em>, 1959, Gerusalemme, The Israel Museum)<\/a> rappresenta un modello importantissimo.<\/p>\n<p><em>Vieni via con me<\/em>, tuttavia, non fa parte della primissima serie delle <em>Isole volanti<\/em> risalente al 1979-1980: \u00e8 pi\u00f9 recente e si colloca nella seconda decade degli anni Duemila, quando il maestro torna a ragionare sui soggetti che lo avevano reso famoso rielaborandoli all\u2019insegna di significati nuovi ma che tornano ad essere impegnati. Urbino, che in questa composizione condivide il ruolo di protagonista insieme alla Rocca roveresca di Senigallia, non presenta pi\u00f9 il colore tipico dei suoi mattoni, delle sue pietre e del suo cotto: smette di essere un panorama conosciuto per diventare candida e marmorea e assurgere cos\u00ec a ideale stesso di bellezza; diviene simulacro intonso di arte e cultura e, per non essere calpestata dalle bieche logiche del consumismo, prende il volo sradicandosi da una terra di catrami e petrolio che non sa pi\u00f9 capirla, difenderla e curarla. Questa separazione dolorosa apre una piaga sanguinante a cui, per\u00f2, \u00e8 lo stesso Logli a prescrivere una cura, rappresentata nella fattispecie da quello spago che \u00e8 al tempo stesso filo da sutura e cordicella di un aquilone al quale, tuttavia, si attacca una pallina da tennis, sport amato da Logli. Una metafora visiva che invita ad una profondissima riflessione: per ricostruire con l\u2019arte un legame che diventi indissolubile occorre riscoprire la genuinit\u00e0, la semplicit\u00e0 e la purezza dei bambini e aprirsi al mondo con quello stupore che rappresenta la vera scintilla della passione.<\/p>\n<\/div>\n<div><\/div>\n<p>[\/et_pb_text][et_pb_audio _builder_version=&#8221;4.9.4&#8243; _module_preset=&#8221;default&#8221; hover_enabled=&#8221;0&#8243; sticky_enabled=&#8221;0&#8243;][\/et_pb_audio][\/et_pb_column][et_pb_column type=&#8221;2_5&#8243; _builder_version=&#8221;4.9.3&#8243; _module_preset=&#8221;default&#8221;][et_pb_text _builder_version=&#8221;4.9.4&#8243; _module_preset=&#8221;default&#8221; background_layout=&#8221;dark&#8221; inline_fonts=&#8221;ABeeZee&#8221;]<\/p>\n<div><span>Mario Logli, <i>Vieni via con me<\/i>, tecnica mista, olio e acrilico su tela. Campione ritoccato a mano. Copia unica; 100&#215;70 cm.<\/span><\/div>\n<p>[\/et_pb_text][et_pb_image src=&#8221;https:\/\/hello.uniurb.it\/logli\/wp-content\/uploads\/2021\/04\/vieni-via-con-me.jpg&#8221; alt=&#8221;Vieni via con me &#8211; Mario Logli&#8221; title_text=&#8221;vieni-via-con-me&#8221; _builder_version=&#8221;4.9.4&#8243; _module_preset=&#8221;default&#8221;][\/et_pb_image][\/et_pb_column][\/et_pb_row][\/et_pb_section]<\/p>\n","protected":false},"excerpt":{"rendered":"<p>Vieni via con me a cura di Mattia Giancarli \u201c[\u2026] Or siamo fermi: abbiamo in faccia Urbino ventoso: ognuno manda da una balza la sua cometa per il ciel turchino. &nbsp; Ed ecco ondeggia, pencola, urta, sbalza, risale, prende il vento; ecco pian piano tra un lungo dei fanciulli urlo s&#8217;inalza. [\u2026]\u201d Era il 1900 [&hellip;]<\/p>\n","protected":false},"author":1,"featured_media":255454,"parent":2,"menu_order":30,"comment_status":"closed","ping_status":"closed","template":"","meta":{"_et_pb_use_builder":"on","_et_pb_old_content":"","_et_gb_content_width":""},"yoast_head":"<!-- This site is optimized with the Yoast SEO plugin v20.12 - https:\/\/yoast.com\/wordpress\/plugins\/seo\/ -->\n<title>Vieni via con me - Mario Logli \u2014 Universit\u00e0 di Urbino Carlo Bo<\/title>\n<meta name=\"robots\" content=\"index, follow, max-snippet:-1, max-image-preview:large, max-video-preview:-1\" \/>\n<link rel=\"canonical\" href=\"https:\/\/hello.uniurb.it\/logli\/le-opere\/vieni-via-con-me\/\" \/>\n<meta property=\"og:locale\" content=\"it_IT\" \/>\n<meta property=\"og:type\" content=\"article\" \/>\n<meta property=\"og:title\" content=\"Vieni via con me - Mario Logli \u2014 Universit\u00e0 di Urbino Carlo Bo\" \/>\n<meta property=\"og:description\" content=\"Vieni via con me a cura di Mattia Giancarli \u201c[\u2026] Or siamo fermi: abbiamo in faccia Urbino ventoso: ognuno manda da una balza la sua cometa per il ciel turchino. &nbsp; Ed ecco ondeggia, pencola, urta, sbalza, risale, prende il vento; ecco pian piano tra un lungo dei fanciulli urlo s&#039;inalza. [\u2026]\u201d Era il 1900 [&hellip;]\" \/>\n<meta property=\"og:url\" content=\"https:\/\/hello.uniurb.it\/logli\/le-opere\/vieni-via-con-me\/\" \/>\n<meta property=\"og:site_name\" content=\"Mario Logli \u2014 Universit\u00e0 di Urbino Carlo Bo\" \/>\n<meta property=\"article:modified_time\" content=\"2021-05-24T23:37:52+00:00\" \/>\n<meta property=\"og:image\" content=\"https:\/\/hello.uniurb.it\/logli\/wp-content\/uploads\/2021\/05\/logli-bonaventura-cover-4.jpg\" \/>\n\t<meta property=\"og:image:width\" content=\"1920\" \/>\n\t<meta property=\"og:image:height\" content=\"1080\" \/>\n\t<meta property=\"og:image:type\" content=\"image\/jpeg\" \/>\n<meta name=\"twitter:card\" content=\"summary_large_image\" \/>\n<script type=\"application\/ld+json\" class=\"yoast-schema-graph\">{\"@context\":\"https:\/\/schema.org\",\"@graph\":[{\"@type\":\"WebPage\",\"@id\":\"https:\/\/hello.uniurb.it\/logli\/le-opere\/vieni-via-con-me\/\",\"url\":\"https:\/\/hello.uniurb.it\/logli\/le-opere\/vieni-via-con-me\/\",\"name\":\"Vieni via con me - Mario Logli \u2014 Universit\u00e0 di Urbino Carlo Bo\",\"isPartOf\":{\"@id\":\"https:\/\/hello.uniurb.it\/logli\/#website\"},\"datePublished\":\"2021-04-27T21:07:15+00:00\",\"dateModified\":\"2021-05-24T23:37:52+00:00\",\"breadcrumb\":{\"@id\":\"https:\/\/hello.uniurb.it\/logli\/le-opere\/vieni-via-con-me\/#breadcrumb\"},\"inLanguage\":\"it-IT\",\"potentialAction\":[{\"@type\":\"ReadAction\",\"target\":[\"https:\/\/hello.uniurb.it\/logli\/le-opere\/vieni-via-con-me\/\"]}]},{\"@type\":\"BreadcrumbList\",\"@id\":\"https:\/\/hello.uniurb.it\/logli\/le-opere\/vieni-via-con-me\/#breadcrumb\",\"itemListElement\":[{\"@type\":\"ListItem\",\"position\":1,\"name\":\"Home\",\"item\":\"https:\/\/hello.uniurb.it\/logli\/\"},{\"@type\":\"ListItem\",\"position\":2,\"name\":\"Mario Logli a Palazzo Bonaventura\",\"item\":\"https:\/\/hello.uniurb.it\/logli\/\"},{\"@type\":\"ListItem\",\"position\":3,\"name\":\"Vieni via con me\"}]},{\"@type\":\"WebSite\",\"@id\":\"https:\/\/hello.uniurb.it\/logli\/#website\",\"url\":\"https:\/\/hello.uniurb.it\/logli\/\",\"name\":\"Mario Logli \u2014 Universit\u00e0 di Urbino Carlo Bo\",\"description\":\"Mario Logli a Palazzo Bonaventura \u2014 Via Aurelio Saffi, 2 \u2014 Sede del Rettorato\",\"potentialAction\":[{\"@type\":\"SearchAction\",\"target\":{\"@type\":\"EntryPoint\",\"urlTemplate\":\"https:\/\/hello.uniurb.it\/logli\/?s={search_term_string}\"},\"query-input\":\"required name=search_term_string\"}],\"inLanguage\":\"it-IT\"}]}<\/script>\n<!-- \/ Yoast SEO plugin. -->","yoast_head_json":{"title":"Vieni via con me - Mario Logli \u2014 Universit\u00e0 di Urbino Carlo Bo","robots":{"index":"index","follow":"follow","max-snippet":"max-snippet:-1","max-image-preview":"max-image-preview:large","max-video-preview":"max-video-preview:-1"},"canonical":"https:\/\/hello.uniurb.it\/logli\/le-opere\/vieni-via-con-me\/","og_locale":"it_IT","og_type":"article","og_title":"Vieni via con me - Mario Logli \u2014 Universit\u00e0 di Urbino Carlo Bo","og_description":"Vieni via con me a cura di Mattia Giancarli \u201c[\u2026] Or siamo fermi: abbiamo in faccia Urbino ventoso: ognuno manda da una balza la sua cometa per il ciel turchino. &nbsp; Ed ecco ondeggia, pencola, urta, sbalza, risale, prende il vento; ecco pian piano tra un lungo dei fanciulli urlo s'inalza. [\u2026]\u201d Era il 1900 [&hellip;]","og_url":"https:\/\/hello.uniurb.it\/logli\/le-opere\/vieni-via-con-me\/","og_site_name":"Mario Logli \u2014 Universit\u00e0 di Urbino Carlo Bo","article_modified_time":"2021-05-24T23:37:52+00:00","og_image":[{"width":1920,"height":1080,"url":"https:\/\/hello.uniurb.it\/logli\/wp-content\/uploads\/2021\/05\/logli-bonaventura-cover-4.jpg","type":"image\/jpeg"}],"twitter_card":"summary_large_image","schema":{"@context":"https:\/\/schema.org","@graph":[{"@type":"WebPage","@id":"https:\/\/hello.uniurb.it\/logli\/le-opere\/vieni-via-con-me\/","url":"https:\/\/hello.uniurb.it\/logli\/le-opere\/vieni-via-con-me\/","name":"Vieni via con me - Mario Logli \u2014 Universit\u00e0 di Urbino Carlo Bo","isPartOf":{"@id":"https:\/\/hello.uniurb.it\/logli\/#website"},"datePublished":"2021-04-27T21:07:15+00:00","dateModified":"2021-05-24T23:37:52+00:00","breadcrumb":{"@id":"https:\/\/hello.uniurb.it\/logli\/le-opere\/vieni-via-con-me\/#breadcrumb"},"inLanguage":"it-IT","potentialAction":[{"@type":"ReadAction","target":["https:\/\/hello.uniurb.it\/logli\/le-opere\/vieni-via-con-me\/"]}]},{"@type":"BreadcrumbList","@id":"https:\/\/hello.uniurb.it\/logli\/le-opere\/vieni-via-con-me\/#breadcrumb","itemListElement":[{"@type":"ListItem","position":1,"name":"Home","item":"https:\/\/hello.uniurb.it\/logli\/"},{"@type":"ListItem","position":2,"name":"Mario Logli a Palazzo Bonaventura","item":"https:\/\/hello.uniurb.it\/logli\/"},{"@type":"ListItem","position":3,"name":"Vieni via con me"}]},{"@type":"WebSite","@id":"https:\/\/hello.uniurb.it\/logli\/#website","url":"https:\/\/hello.uniurb.it\/logli\/","name":"Mario Logli \u2014 Universit\u00e0 di Urbino Carlo Bo","description":"Mario Logli a Palazzo Bonaventura \u2014 Via Aurelio Saffi, 2 \u2014 Sede del Rettorato","potentialAction":[{"@type":"SearchAction","target":{"@type":"EntryPoint","urlTemplate":"https:\/\/hello.uniurb.it\/logli\/?s={search_term_string}"},"query-input":"required name=search_term_string"}],"inLanguage":"it-IT"}]}},"_links":{"self":[{"href":"https:\/\/hello.uniurb.it\/logli\/wp-json\/wp\/v2\/pages\/255327"}],"collection":[{"href":"https:\/\/hello.uniurb.it\/logli\/wp-json\/wp\/v2\/pages"}],"about":[{"href":"https:\/\/hello.uniurb.it\/logli\/wp-json\/wp\/v2\/types\/page"}],"author":[{"embeddable":true,"href":"https:\/\/hello.uniurb.it\/logli\/wp-json\/wp\/v2\/users\/1"}],"replies":[{"embeddable":true,"href":"https:\/\/hello.uniurb.it\/logli\/wp-json\/wp\/v2\/comments?post=255327"}],"version-history":[{"count":8,"href":"https:\/\/hello.uniurb.it\/logli\/wp-json\/wp\/v2\/pages\/255327\/revisions"}],"predecessor-version":[{"id":255561,"href":"https:\/\/hello.uniurb.it\/logli\/wp-json\/wp\/v2\/pages\/255327\/revisions\/255561"}],"up":[{"embeddable":true,"href":"https:\/\/hello.uniurb.it\/logli\/wp-json\/wp\/v2\/pages\/2"}],"wp:featuredmedia":[{"embeddable":true,"href":"https:\/\/hello.uniurb.it\/logli\/wp-json\/wp\/v2\/media\/255454"}],"wp:attachment":[{"href":"https:\/\/hello.uniurb.it\/logli\/wp-json\/wp\/v2\/media?parent=255327"}],"curies":[{"name":"wp","href":"https:\/\/api.w.org\/{rel}","templated":true}]}}